{"id":16911,"date":"2023-12-09T01:10:27","date_gmt":"2023-12-09T00:10:27","guid":{"rendered":"https:\/\/eterle.cz\/eshop\/produkt\/detsky-hluboky-talir-korosten\/"},"modified":"2025-06-24T01:53:32","modified_gmt":"2025-06-23T23:53:32","slug":"detsky-hluboky-talir-korosten","status":"publish","type":"product","link":"https:\/\/eterle.cz\/eshop\/produkt\/detsky-hluboky-talir-korosten\/","title":{"rendered":"D\u011btsk\u00fd hlubok\u00fd tal\u00ed\u0159 \/ Korosten"},"content":{"rendered":"<p>D\u011btsk\u00fd hlubok\u00fd tal\u00ed\u0159 pro malou sle\u010dnu s obr\u00e1zkem kv\u011btinov\u00e9 v\u00edly od ukrajinsk\u00e9 zna\u010dky Korosten je\u017e byla zalo\u017eena je\u0161t\u011b v dob\u011b, kdy Ukrajina byla sou\u010d\u00e1st\u00ed SSSR.<\/p>\n<p>Stav: dobr\u00fd s patinou, nese zn\u00e1mky u\u017e\u00edv\u00e1n\u00ed<br \/>\nZna\u010dka: Korosten<br \/>\nRozm\u011br<br \/>\nPr\u016fm\u011br tal\u00ed\u0159e: 19,5 cm<\/p>\n","protected":false},"excerpt":{"rendered":"<p>D\u011btsk\u00fd hlubok\u00fd tal\u00ed\u0159 pro malou sle\u010dnu s obr\u00e1zkem kv\u011btinov\u00e9 v\u00edly od ukrajinsk\u00e9 zna\u010dky Korosten je\u017e byla zalo\u017eena je\u0161t\u011b v dob\u011b,<\/p>\n","protected":false},"featured_media":16912,"template":"","meta":[],"product_brand":[153],"product_cat":[76,109,112],"product_tag":[],"class_list":{"0":"post-16911","1":"product","2":"type-product","3":"status-publish","4":"has-post-thumbnail","6":"product_brand-eterle-cz","7":"product_cat-porcelan","8":"product_cat-talire","9":"product_cat-detsky-porcelan","11":"first","12":"instock","13":"purchasable","14":"product-type-simple"},"_links":{"self":[{"href":"https:\/\/eterle.cz\/eshop\/wp-json\/wp\/v2\/product\/16911","targetHints":{"allow":["GET"]}}],"collection":[{"href":"https:\/\/eterle.cz\/eshop\/wp-json\/wp\/v2\/product"}],"about":[{"href":"https:\/\/eterle.cz\/eshop\/wp-json\/wp\/v2\/types\/product"}],"version-history":[{"count":1,"href":"https:\/\/eterle.cz\/eshop\/wp-json\/wp\/v2\/product\/16911\/revisions"}],"predecessor-version":[{"id":26236,"href":"https:\/\/eterle.cz\/eshop\/wp-json\/wp\/v2\/product\/16911\/revisions\/26236"}],"wp:featuredmedia":[{"embeddable":true,"href":"https:\/\/eterle.cz\/eshop\/wp-json\/wp\/v2\/media\/16912"}],"wp:attachment":[{"href":"https:\/\/eterle.cz\/eshop\/wp-json\/wp\/v2\/media?parent=16911"}],"wp:term":[{"taxonomy":"product_brand","embeddable":true,"href":"https:\/\/eterle.cz\/eshop\/wp-json\/wp\/v2\/product_brand?post=16911"},{"taxonomy":"product_cat","embeddable":true,"href":"https:\/\/eterle.cz\/eshop\/wp-json\/wp\/v2\/product_cat?post=16911"},{"taxonomy":"product_tag","embeddable":true,"href":"https:\/\/eterle.cz\/eshop\/wp-json\/wp\/v2\/product_tag?post=16911"}],"curies":[{"name":"wp","href":"https:\/\/api.w.org\/{rel}","templated":true}]}}