{"id":16918,"date":"2023-12-09T01:10:49","date_gmt":"2023-12-09T00:10:49","guid":{"rendered":"https:\/\/eterle.cz\/eshop\/produkt\/talir-na-zaveseni-kpm\/"},"modified":"2025-10-04T23:15:40","modified_gmt":"2025-10-04T21:15:40","slug":"talir-na-zaveseni-kpm","status":"publish","type":"product","link":"https:\/\/eterle.cz\/eshop\/produkt\/talir-na-zaveseni-kpm\/","title":{"rendered":"Tal\u00ed\u0159 na zav\u011b\u0161en\u00ed \/ KPM"},"content":{"rendered":"<p>Dekora\u010dn\u00ed tal\u00ed\u0159 od n\u011bmeck\u00e9 velmi \u00fasp\u011b\u0161n\u00e9 porcel\u00e1nky KPM z 60. let minul\u00e9ho stolet\u00ed. KPM p\u016fsob\u00ed na trhu ji\u017e v\u00edce ne\u017e 250 let a specializuje se na v\u00fdrobu vysoce kvalitn\u00edho dekorativn\u00edho um\u011bn\u00ed. Produkty t\u00e9to zna\u010dky jsou cen\u011bny tak\u00e9 pro sv\u00e9 vazby na pruskou kr\u00e1lovskou rodinu a n\u011bmeck\u00fd st\u00e1t, stejn\u011b jako pro jejich siln\u00fd d\u016fraz na kvalitu a ru\u010dn\u00ed design. <\/p>\n<p>Tal\u00ed\u0159 m\u00e1 n\u00e1dhern\u011b dekorovan\u00fd lem plastick\u00fdm vzorem zakon\u010den\u00fdm zlatou linkou. Ve st\u0159edu tal\u00ed\u0159e je zachycen z\u00e1mek v Berl\u00edn\u011b.<\/p>\n<p>Stav:<br \/>\nZna\u010dka: KPM<br \/>\nRozm\u011br<br \/>\nPr\u016fm\u011br tal\u00ed\u0159e: 25 cm<\/p>\n","protected":false},"excerpt":{"rendered":"<p>Dekora\u010dn\u00ed tal\u00ed\u0159 od n\u011bmeck\u00e9 velmi \u00fasp\u011b\u0161n\u00e9 porcel\u00e1nky KPM z 60. let minul\u00e9ho stolet\u00ed. KPM p\u016fsob\u00ed na trhu ji\u017e v\u00edce ne\u017e<\/p>\n","protected":false},"featured_media":16919,"template":"","meta":[],"product_brand":[153],"product_cat":[91],"product_tag":[],"class_list":{"0":"post-16918","1":"product","2":"type-product","3":"status-publish","4":"has-post-thumbnail","6":"product_brand-eterle-cz","7":"product_cat-prodane","9":"first","10":"outofstock","11":"purchasable","12":"product-type-simple"},"_links":{"self":[{"href":"https:\/\/eterle.cz\/eshop\/wp-json\/wp\/v2\/product\/16918","targetHints":{"allow":["GET"]}}],"collection":[{"href":"https:\/\/eterle.cz\/eshop\/wp-json\/wp\/v2\/product"}],"about":[{"href":"https:\/\/eterle.cz\/eshop\/wp-json\/wp\/v2\/types\/product"}],"version-history":[{"count":1,"href":"https:\/\/eterle.cz\/eshop\/wp-json\/wp\/v2\/product\/16918\/revisions"}],"predecessor-version":[{"id":26235,"href":"https:\/\/eterle.cz\/eshop\/wp-json\/wp\/v2\/product\/16918\/revisions\/26235"}],"wp:featuredmedia":[{"embeddable":true,"href":"https:\/\/eterle.cz\/eshop\/wp-json\/wp\/v2\/media\/16919"}],"wp:attachment":[{"href":"https:\/\/eterle.cz\/eshop\/wp-json\/wp\/v2\/media?parent=16918"}],"wp:term":[{"taxonomy":"product_brand","embeddable":true,"href":"https:\/\/eterle.cz\/eshop\/wp-json\/wp\/v2\/product_brand?post=16918"},{"taxonomy":"product_cat","embeddable":true,"href":"https:\/\/eterle.cz\/eshop\/wp-json\/wp\/v2\/product_cat?post=16918"},{"taxonomy":"product_tag","embeddable":true,"href":"https:\/\/eterle.cz\/eshop\/wp-json\/wp\/v2\/product_tag?post=16918"}],"curies":[{"name":"wp","href":"https:\/\/api.w.org\/{rel}","templated":true}]}}