{"id":16945,"date":"2023-12-09T01:12:21","date_gmt":"2023-12-09T00:12:21","guid":{"rendered":"https:\/\/eterle.cz\/eshop\/produkt\/cajova-sada-pro-6-rosenthal-2\/"},"modified":"2025-06-24T01:54:46","modified_gmt":"2025-06-23T23:54:46","slug":"cajova-sada-pro-6-rosenthal-2","status":"publish","type":"product","link":"https:\/\/eterle.cz\/eshop\/produkt\/cajova-sada-pro-6-rosenthal-2\/","title":{"rendered":"\u010cajov\u00e1 sada pro 6 \/ Rosenthal"},"content":{"rendered":"<p>J\u00eddeln\u00ed sada pro 2 osoby od n\u011bmeck\u00e9 porcle\u00e1nky Rossenthal, konkr\u00e9tn\u011b se jedn\u00e1 o Rosenthal classic Renaissance Catarina. Porcel\u00e1n je zdoben prou\u017ek\u00e9m v zemit\u00fdch barv\u00e1ch v kombinaci se zlatou. Tvar dekoru je lehce orient\u00e1ln\u00ed, ale nep\u016fsob\u00ed nikterak p\u0159ezdoben\u011b.  <\/p>\n<p>Sada obsahuje: \u010dajovou konvici, 6 hrnk\u016f, ml\u00e9kovku, cuk\u0159enku, ov\u00e1lnou m\u00edsu<\/p>\n<p>Stav: v\u00fdborn\u00fd<br \/>\nZna\u010dka: Rosenthal<br \/>\nRozm\u011br<br \/>\nObjem \u010dajov\u00e9 konvice: 1 l<br \/>\nObjem hrne\u010dku: 200 ml<br \/>\nObjem ml\u00e9kovky: 300 ml<br \/>\nV\u00fd\u0161ka cuk\u0159enky: 11 cm<br \/>\nRozm\u011br m\u00edsy: 32 x 24 cm<\/p>\n","protected":false},"excerpt":{"rendered":"<p>J\u00eddeln\u00ed sada pro 2 osoby od n\u011bmeck\u00e9 porcle\u00e1nky Rossenthal, konkr\u00e9tn\u011b se jedn\u00e1 o Rosenthal classic Renaissance Catarina. Porcel\u00e1n je zdoben<\/p>\n","protected":false},"featured_media":16946,"template":"","meta":[],"product_brand":[153],"product_cat":[76,111,101],"product_tag":[],"class_list":{"0":"post-16945","1":"product","2":"type-product","3":"status-publish","4":"has-post-thumbnail","6":"product_brand-eterle-cz","7":"product_cat-porcelan","8":"product_cat-porcelanove-sady","9":"product_cat-rosenthal","11":"first","12":"instock","13":"sale","14":"purchasable","15":"product-type-simple"},"_links":{"self":[{"href":"https:\/\/eterle.cz\/eshop\/wp-json\/wp\/v2\/product\/16945","targetHints":{"allow":["GET"]}}],"collection":[{"href":"https:\/\/eterle.cz\/eshop\/wp-json\/wp\/v2\/product"}],"about":[{"href":"https:\/\/eterle.cz\/eshop\/wp-json\/wp\/v2\/types\/product"}],"version-history":[{"count":1,"href":"https:\/\/eterle.cz\/eshop\/wp-json\/wp\/v2\/product\/16945\/revisions"}],"predecessor-version":[{"id":26426,"href":"https:\/\/eterle.cz\/eshop\/wp-json\/wp\/v2\/product\/16945\/revisions\/26426"}],"wp:featuredmedia":[{"embeddable":true,"href":"https:\/\/eterle.cz\/eshop\/wp-json\/wp\/v2\/media\/16946"}],"wp:attachment":[{"href":"https:\/\/eterle.cz\/eshop\/wp-json\/wp\/v2\/media?parent=16945"}],"wp:term":[{"taxonomy":"product_brand","embeddable":true,"href":"https:\/\/eterle.cz\/eshop\/wp-json\/wp\/v2\/product_brand?post=16945"},{"taxonomy":"product_cat","embeddable":true,"href":"https:\/\/eterle.cz\/eshop\/wp-json\/wp\/v2\/product_cat?post=16945"},{"taxonomy":"product_tag","embeddable":true,"href":"https:\/\/eterle.cz\/eshop\/wp-json\/wp\/v2\/product_tag?post=16945"}],"curies":[{"name":"wp","href":"https:\/\/api.w.org\/{rel}","templated":true}]}}