{"id":16970,"date":"2023-12-09T01:13:46","date_gmt":"2023-12-09T00:13:46","guid":{"rendered":"https:\/\/eterle.cz\/eshop\/produkt\/hrebec-cerna-dux\/"},"modified":"2025-02-16T02:50:07","modified_gmt":"2025-02-16T01:50:07","slug":"hrebec-cerna-dux","status":"publish","type":"product","link":"https:\/\/eterle.cz\/eshop\/produkt\/hrebec-cerna-dux\/","title":{"rendered":"H\u0159ebec \u010dern\u00e1 \/ Dux"},"content":{"rendered":"<p>So\u0161ka h\u0159ebce od profesora Jaroslava Je\u017eka, kter\u00e1 z\u00edskala zlatou medaili na Sv\u011btov\u00e9 v\u00fdstav\u011b v Bruselu v roce 1958. J. Je\u017eek vytvo\u0159il celou \u0159adu zv\u00ed\u0159ec\u00edch figurek a jejich \u00fasp\u011bch na Expu nastartoval vznik mnoha dal\u0161\u00edch a to i od jin\u00fdch v\u00fdtvarn\u00edk\u016f.<\/p>\n<p>Stav: nov\u00e9<br \/>\nZna\u010dka: Dux, Jaroslav Je\u017eek<br \/>\nRozm\u011br<br \/>\nV\u00fd\u0161ka: 17 cm<br \/>\nD\u00e9lka: 15 cm<\/p>\n","protected":false},"excerpt":{"rendered":"<p>So\u0161ka h\u0159ebce od profesora Jaroslava Je\u017eka, kter\u00e1 z\u00edskala zlatou medaili na Sv\u011btov\u00e9 v\u00fdstav\u011b v Bruselu v roce 1958. J. Je\u017eek<\/p>\n","protected":false},"featured_media":16971,"template":"","meta":[],"product_brand":[153],"product_cat":[91],"product_tag":[],"class_list":{"0":"post-16970","1":"product","2":"type-product","3":"status-publish","4":"has-post-thumbnail","6":"product_brand-eterle-cz","7":"product_cat-prodane","9":"first","10":"outofstock","11":"purchasable","12":"product-type-simple"},"_links":{"self":[{"href":"https:\/\/eterle.cz\/eshop\/wp-json\/wp\/v2\/product\/16970","targetHints":{"allow":["GET"]}}],"collection":[{"href":"https:\/\/eterle.cz\/eshop\/wp-json\/wp\/v2\/product"}],"about":[{"href":"https:\/\/eterle.cz\/eshop\/wp-json\/wp\/v2\/types\/product"}],"version-history":[{"count":0,"href":"https:\/\/eterle.cz\/eshop\/wp-json\/wp\/v2\/product\/16970\/revisions"}],"wp:featuredmedia":[{"embeddable":true,"href":"https:\/\/eterle.cz\/eshop\/wp-json\/wp\/v2\/media\/16971"}],"wp:attachment":[{"href":"https:\/\/eterle.cz\/eshop\/wp-json\/wp\/v2\/media?parent=16970"}],"wp:term":[{"taxonomy":"product_brand","embeddable":true,"href":"https:\/\/eterle.cz\/eshop\/wp-json\/wp\/v2\/product_brand?post=16970"},{"taxonomy":"product_cat","embeddable":true,"href":"https:\/\/eterle.cz\/eshop\/wp-json\/wp\/v2\/product_cat?post=16970"},{"taxonomy":"product_tag","embeddable":true,"href":"https:\/\/eterle.cz\/eshop\/wp-json\/wp\/v2\/product_tag?post=16970"}],"curies":[{"name":"wp","href":"https:\/\/api.w.org\/{rel}","templated":true}]}}