{"id":16980,"date":"2023-12-09T01:14:22","date_gmt":"2023-12-09T00:14:22","guid":{"rendered":"https:\/\/eterle.cz\/eshop\/produkt\/soska-damy-s-ovecekou\/"},"modified":"2025-06-24T01:54:45","modified_gmt":"2025-06-23T23:54:45","slug":"soska-damy-s-ovecekou","status":"publish","type":"product","link":"https:\/\/eterle.cz\/eshop\/produkt\/soska-damy-s-ovecekou\/","title":{"rendered":"So\u0161ka d\u00e1my s ove\u010dekou"},"content":{"rendered":"<p>Detailn\u011b propracovan\u00e1 rokokov\u00e1 so\u0161ka d\u00e1my s ove\u010dkou.<\/p>\n<p>Stav: nov\u00e9<br \/>\nRozm\u011br<br \/>\nV\u00fd\u0161ka: 17 cm<br \/>\n\u0160\u00ed\u0159ka: 11 cm<\/p>\n","protected":false},"excerpt":{"rendered":"<p>Detailn\u011b propracovan\u00e1 rokokov\u00e1 so\u0161ka d\u00e1my s ove\u010dkou. Stav: nov\u00e9 Rozm\u011br V\u00fd\u0161ka: 17 cm \u0160\u00ed\u0159ka: 11 cm<\/p>\n","protected":false},"featured_media":16981,"template":"","meta":[],"product_brand":[153],"product_cat":[80,136],"product_tag":[],"class_list":{"0":"post-16980","1":"product","2":"type-product","3":"status-publish","4":"has-post-thumbnail","6":"product_brand-eterle-cz","7":"product_cat-dekorace","8":"product_cat-sosky","10":"first","11":"instock","12":"purchasable","13":"product-type-simple"},"_links":{"self":[{"href":"https:\/\/eterle.cz\/eshop\/wp-json\/wp\/v2\/product\/16980","targetHints":{"allow":["GET"]}}],"collection":[{"href":"https:\/\/eterle.cz\/eshop\/wp-json\/wp\/v2\/product"}],"about":[{"href":"https:\/\/eterle.cz\/eshop\/wp-json\/wp\/v2\/types\/product"}],"version-history":[{"count":1,"href":"https:\/\/eterle.cz\/eshop\/wp-json\/wp\/v2\/product\/16980\/revisions"}],"predecessor-version":[{"id":26424,"href":"https:\/\/eterle.cz\/eshop\/wp-json\/wp\/v2\/product\/16980\/revisions\/26424"}],"wp:featuredmedia":[{"embeddable":true,"href":"https:\/\/eterle.cz\/eshop\/wp-json\/wp\/v2\/media\/16981"}],"wp:attachment":[{"href":"https:\/\/eterle.cz\/eshop\/wp-json\/wp\/v2\/media?parent=16980"}],"wp:term":[{"taxonomy":"product_brand","embeddable":true,"href":"https:\/\/eterle.cz\/eshop\/wp-json\/wp\/v2\/product_brand?post=16980"},{"taxonomy":"product_cat","embeddable":true,"href":"https:\/\/eterle.cz\/eshop\/wp-json\/wp\/v2\/product_cat?post=16980"},{"taxonomy":"product_tag","embeddable":true,"href":"https:\/\/eterle.cz\/eshop\/wp-json\/wp\/v2\/product_tag?post=16980"}],"curies":[{"name":"wp","href":"https:\/\/api.w.org\/{rel}","templated":true}]}}