{"id":16989,"date":"2023-12-09T01:15:00","date_gmt":"2023-12-09T00:15:00","guid":{"rendered":"https:\/\/eterle.cz\/eshop\/produkt\/curajici-panacek\/"},"modified":"2025-02-16T02:49:23","modified_gmt":"2025-02-16T01:49:23","slug":"curajici-panacek","status":"publish","type":"product","link":"https:\/\/eterle.cz\/eshop\/produkt\/curajici-panacek\/","title":{"rendered":"\u010c\u016fraj\u00edc\u00ed pan\u00e1\u010dek"},"content":{"rendered":"<p>Minaturn\u00ed so\u0161ka \u010d\u016fraj\u00edc\u00edcho pan\u00e1\u010dka bude vtipn\u00fdm a z\u00e1rove\u0148 vkusn\u00fdm d\u00e1rkem t\u0159eba k narozen\u00ed syna.<\/p>\n<p>Stav: nov\u00e9<br \/>\nRozm\u011br<br \/>\nV\u00fd\u0161ka: 8 cm<\/p>\n","protected":false},"excerpt":{"rendered":"<p>Minaturn\u00ed so\u0161ka \u010d\u016fraj\u00edc\u00edcho pan\u00e1\u010dka bude vtipn\u00fdm a z\u00e1rove\u0148 vkusn\u00fdm d\u00e1rkem t\u0159eba k narozen\u00ed syna. Stav: nov\u00e9 Rozm\u011br V\u00fd\u0161ka: 8 cm<\/p>\n","protected":false},"featured_media":16990,"template":"","meta":[],"product_brand":[153],"product_cat":[91],"product_tag":[],"class_list":{"0":"post-16989","1":"product","2":"type-product","3":"status-publish","4":"has-post-thumbnail","6":"product_brand-eterle-cz","7":"product_cat-prodane","9":"first","10":"outofstock","11":"purchasable","12":"product-type-simple"},"_links":{"self":[{"href":"https:\/\/eterle.cz\/eshop\/wp-json\/wp\/v2\/product\/16989","targetHints":{"allow":["GET"]}}],"collection":[{"href":"https:\/\/eterle.cz\/eshop\/wp-json\/wp\/v2\/product"}],"about":[{"href":"https:\/\/eterle.cz\/eshop\/wp-json\/wp\/v2\/types\/product"}],"version-history":[{"count":0,"href":"https:\/\/eterle.cz\/eshop\/wp-json\/wp\/v2\/product\/16989\/revisions"}],"wp:featuredmedia":[{"embeddable":true,"href":"https:\/\/eterle.cz\/eshop\/wp-json\/wp\/v2\/media\/16990"}],"wp:attachment":[{"href":"https:\/\/eterle.cz\/eshop\/wp-json\/wp\/v2\/media?parent=16989"}],"wp:term":[{"taxonomy":"product_brand","embeddable":true,"href":"https:\/\/eterle.cz\/eshop\/wp-json\/wp\/v2\/product_brand?post=16989"},{"taxonomy":"product_cat","embeddable":true,"href":"https:\/\/eterle.cz\/eshop\/wp-json\/wp\/v2\/product_cat?post=16989"},{"taxonomy":"product_tag","embeddable":true,"href":"https:\/\/eterle.cz\/eshop\/wp-json\/wp\/v2\/product_tag?post=16989"}],"curies":[{"name":"wp","href":"https:\/\/api.w.org\/{rel}","templated":true}]}}