{"id":16993,"date":"2023-12-09T01:15:17","date_gmt":"2023-12-09T00:15:17","guid":{"rendered":"https:\/\/eterle.cz\/eshop\/produkt\/soska-velke-sova-dux\/"},"modified":"2026-04-13T14:55:50","modified_gmt":"2026-04-13T12:55:50","slug":"soska-velke-sova-dux","status":"publish","type":"product","link":"https:\/\/eterle.cz\/eshop\/produkt\/soska-velke-sova-dux\/","title":{"rendered":"So\u0161ka velk\u00e9 sova \/ Dux"},"content":{"rendered":"<p>Velk\u00e1 so\u0161ka sovy podle n\u00e1vrhu Ji\u0159\u00edho \u010cernocha pro porcel\u00e1nku Royal Dux, pro kterou pracoval v 50. letech minul\u00e9ho stolet\u00ed extern\u011b a od roku 1968 byl zam\u011bstn\u00e1n jako n\u00e1vrh\u00e1\u0159. Navrhoval p\u0159edev\u0161\u00edm figury zv\u00ed\u0159at, kdy vych\u00e1zel z p\u0159\u00edrody. Krom\u011b zv\u00ed\u0159ec\u00edch motiv\u016f navrhoval tak\u00e9 \u017eensk\u00e9 figury a sportovce &#8211; u t\u011bch bylo pro autora d\u016fle\u017eit\u00e9 zachytit v\u011brn\u011b pohyb.<\/p>\n<p>Stav: velmi dobr\u00fd, jen na prsou miniaturn\u00ed \u010dern\u00e1 te\u010dka v glazu\u0159e<br \/>\nZna\u010dka: Dux, Ji\u0159\u00ed \u010cernoch<br \/>\nRozm\u011br<br \/>\nV\u00fd\u0161ka: 25 cm<br \/>\n\u0160\u00ed\u0159ka: 14 cm<br \/>\nHloubka: 17 cm<\/p>\n","protected":false},"excerpt":{"rendered":"<p>Velk\u00e1 so\u0161ka sovy podle n\u00e1vrhu Ji\u0159\u00edho \u010cernocha pro porcel\u00e1nku Royal Dux, pro kterou pracoval v 50. letech minul\u00e9ho stolet\u00ed extern\u011b<\/p>\n","protected":false},"featured_media":16994,"template":"","meta":[],"product_brand":[153],"product_cat":[91],"product_tag":[],"class_list":{"0":"post-16993","1":"product","2":"type-product","3":"status-publish","4":"has-post-thumbnail","6":"product_brand-eterle-cz","7":"product_cat-prodane","9":"first","10":"outofstock","11":"purchasable","12":"product-type-simple"},"_links":{"self":[{"href":"https:\/\/eterle.cz\/eshop\/wp-json\/wp\/v2\/product\/16993","targetHints":{"allow":["GET"]}}],"collection":[{"href":"https:\/\/eterle.cz\/eshop\/wp-json\/wp\/v2\/product"}],"about":[{"href":"https:\/\/eterle.cz\/eshop\/wp-json\/wp\/v2\/types\/product"}],"version-history":[{"count":2,"href":"https:\/\/eterle.cz\/eshop\/wp-json\/wp\/v2\/product\/16993\/revisions"}],"predecessor-version":[{"id":35496,"href":"https:\/\/eterle.cz\/eshop\/wp-json\/wp\/v2\/product\/16993\/revisions\/35496"}],"wp:featuredmedia":[{"embeddable":true,"href":"https:\/\/eterle.cz\/eshop\/wp-json\/wp\/v2\/media\/16994"}],"wp:attachment":[{"href":"https:\/\/eterle.cz\/eshop\/wp-json\/wp\/v2\/media?parent=16993"}],"wp:term":[{"taxonomy":"product_brand","embeddable":true,"href":"https:\/\/eterle.cz\/eshop\/wp-json\/wp\/v2\/product_brand?post=16993"},{"taxonomy":"product_cat","embeddable":true,"href":"https:\/\/eterle.cz\/eshop\/wp-json\/wp\/v2\/product_cat?post=16993"},{"taxonomy":"product_tag","embeddable":true,"href":"https:\/\/eterle.cz\/eshop\/wp-json\/wp\/v2\/product_tag?post=16993"}],"curies":[{"name":"wp","href":"https:\/\/api.w.org\/{rel}","templated":true}]}}