{"id":16999,"date":"2023-12-09T01:15:38","date_gmt":"2023-12-09T00:15:38","guid":{"rendered":"https:\/\/eterle.cz\/eshop\/produkt\/soska-lezici-antilopa-dux\/"},"modified":"2026-03-30T12:03:30","modified_gmt":"2026-03-30T10:03:30","slug":"soska-lezici-antilopa-dux","status":"publish","type":"product","link":"https:\/\/eterle.cz\/eshop\/produkt\/soska-lezici-antilopa-dux\/","title":{"rendered":"So\u0161ka le\u017e\u00edc\u00ed antilopa \/ Dux"},"content":{"rendered":"<p>So\u0161ka le\u017e\u00edc\u00ed antilopy od n\u00e1vrh\u00e1\u0159e Jaroslava Je\u017eka pro Dux. J. Je\u017eek navrhl tuto so\u0161ku v jeho 35 letech, kdy vznikl i n\u00e1vrh t\u0159\u00ed ko\u0148\u016f, za ne\u017e dostal zlatou medaili na Expu 58. V n\u011bkter\u00fdch publikac\u00edch je so\u0161ka ozna\u010dena za ran\u011bnou antilopu.<\/p>\n<p>Stav: nov\u00e1<br \/>\nZna\u010dka: Dux, Jaroslav Je\u017eek<br \/>\nRozm\u011br<br \/>\nV\u00fd\u0161ka: 33 cm<br \/>\nD\u00e9lka: 24 cm<br \/>\n\u0160\u00ed\u0159ka: 12 cm<\/p>\n","protected":false},"excerpt":{"rendered":"<p>So\u0161ka le\u017e\u00edc\u00ed antilopy od n\u00e1vrh\u00e1\u0159e Jaroslava Je\u017eka pro Dux. J. Je\u017eek navrhl tuto so\u0161ku v jeho 35 letech, kdy vznikl<\/p>\n","protected":false},"featured_media":17000,"template":"","meta":[],"product_brand":[153],"product_cat":[80,136],"product_tag":[],"class_list":{"0":"post-16999","1":"product","2":"type-product","3":"status-publish","4":"has-post-thumbnail","6":"product_brand-eterle-cz","7":"product_cat-dekorace","8":"product_cat-sosky","10":"first","11":"instock","12":"purchasable","13":"product-type-simple"},"_links":{"self":[{"href":"https:\/\/eterle.cz\/eshop\/wp-json\/wp\/v2\/product\/16999","targetHints":{"allow":["GET"]}}],"collection":[{"href":"https:\/\/eterle.cz\/eshop\/wp-json\/wp\/v2\/product"}],"about":[{"href":"https:\/\/eterle.cz\/eshop\/wp-json\/wp\/v2\/types\/product"}],"version-history":[{"count":1,"href":"https:\/\/eterle.cz\/eshop\/wp-json\/wp\/v2\/product\/16999\/revisions"}],"predecessor-version":[{"id":35489,"href":"https:\/\/eterle.cz\/eshop\/wp-json\/wp\/v2\/product\/16999\/revisions\/35489"}],"wp:featuredmedia":[{"embeddable":true,"href":"https:\/\/eterle.cz\/eshop\/wp-json\/wp\/v2\/media\/17000"}],"wp:attachment":[{"href":"https:\/\/eterle.cz\/eshop\/wp-json\/wp\/v2\/media?parent=16999"}],"wp:term":[{"taxonomy":"product_brand","embeddable":true,"href":"https:\/\/eterle.cz\/eshop\/wp-json\/wp\/v2\/product_brand?post=16999"},{"taxonomy":"product_cat","embeddable":true,"href":"https:\/\/eterle.cz\/eshop\/wp-json\/wp\/v2\/product_cat?post=16999"},{"taxonomy":"product_tag","embeddable":true,"href":"https:\/\/eterle.cz\/eshop\/wp-json\/wp\/v2\/product_tag?post=16999"}],"curies":[{"name":"wp","href":"https:\/\/api.w.org\/{rel}","templated":true}]}}