{"id":17004,"date":"2023-12-09T01:15:58","date_gmt":"2023-12-09T00:15:58","guid":{"rendered":"https:\/\/eterle.cz\/eshop\/produkt\/soska-velky-byk-dux\/"},"modified":"2026-04-06T10:12:56","modified_gmt":"2026-04-06T08:12:56","slug":"soska-velky-byk-dux","status":"publish","type":"product","link":"https:\/\/eterle.cz\/eshop\/produkt\/soska-velky-byk-dux\/","title":{"rendered":"So\u0161ka velk\u00fd b\u00fdk \/ Dux"},"content":{"rendered":"<p>So\u0161ka velk\u00e9ho b\u00fdka od n\u00e1vrh\u00e1\u0159e Jaroslava Je\u017eka pro Dux. N\u00e1vrh vznikl na po\u010d\u00e1tku 60. let minul\u00e9ho stolet\u00ed, ale a\u017e v druh\u00e9 polovin\u011b 60. let byla figurka vytvo\u0159ena. Jde o tipickou uk\u00e1zku bruselsk\u00e9ho stylu &#8211; modern\u00ed stylizace a pozm\u011bn\u011bn\u00e9 proporce. Velk\u00fd b\u00fdk je ji\u017e m\u00e1lo v\u00eddan\u00fd.<\/p>\n<p>Stav: nov\u00e1<br \/>\nZna\u010dka: Dux, Jaroslav Je\u017eek<br \/>\nRozm\u011br<br \/>\nV\u00fd\u0161ka: 16 cm<br \/>\nD\u00e9lka: 25 cm<br \/>\n\u0160\u00ed\u0159ka: 13 cm<\/p>\n","protected":false},"excerpt":{"rendered":"<p>So\u0161ka velk\u00e9ho b\u00fdka od n\u00e1vrh\u00e1\u0159e Jaroslava Je\u017eka pro Dux. N\u00e1vrh vznikl na po\u010d\u00e1tku 60. let minul\u00e9ho stolet\u00ed, ale a\u017e v<\/p>\n","protected":false},"featured_media":17005,"template":"","meta":[],"product_brand":[153],"product_cat":[80,136],"product_tag":[],"class_list":{"0":"post-17004","1":"product","2":"type-product","3":"status-publish","4":"has-post-thumbnail","6":"product_brand-eterle-cz","7":"product_cat-dekorace","8":"product_cat-sosky","10":"first","11":"instock","12":"purchasable","13":"product-type-simple"},"_links":{"self":[{"href":"https:\/\/eterle.cz\/eshop\/wp-json\/wp\/v2\/product\/17004","targetHints":{"allow":["GET"]}}],"collection":[{"href":"https:\/\/eterle.cz\/eshop\/wp-json\/wp\/v2\/product"}],"about":[{"href":"https:\/\/eterle.cz\/eshop\/wp-json\/wp\/v2\/types\/product"}],"version-history":[{"count":1,"href":"https:\/\/eterle.cz\/eshop\/wp-json\/wp\/v2\/product\/17004\/revisions"}],"predecessor-version":[{"id":26421,"href":"https:\/\/eterle.cz\/eshop\/wp-json\/wp\/v2\/product\/17004\/revisions\/26421"}],"wp:featuredmedia":[{"embeddable":true,"href":"https:\/\/eterle.cz\/eshop\/wp-json\/wp\/v2\/media\/17005"}],"wp:attachment":[{"href":"https:\/\/eterle.cz\/eshop\/wp-json\/wp\/v2\/media?parent=17004"}],"wp:term":[{"taxonomy":"product_brand","embeddable":true,"href":"https:\/\/eterle.cz\/eshop\/wp-json\/wp\/v2\/product_brand?post=17004"},{"taxonomy":"product_cat","embeddable":true,"href":"https:\/\/eterle.cz\/eshop\/wp-json\/wp\/v2\/product_cat?post=17004"},{"taxonomy":"product_tag","embeddable":true,"href":"https:\/\/eterle.cz\/eshop\/wp-json\/wp\/v2\/product_tag?post=17004"}],"curies":[{"name":"wp","href":"https:\/\/api.w.org\/{rel}","templated":true}]}}