{"id":17010,"date":"2023-12-09T01:16:20","date_gmt":"2023-12-09T00:16:20","guid":{"rendered":"https:\/\/eterle.cz\/eshop\/produkt\/soska-potapka-rohac-dux\/"},"modified":"2025-02-16T02:49:22","modified_gmt":"2025-02-16T01:49:22","slug":"soska-potapka-rohac-dux","status":"publish","type":"product","link":"https:\/\/eterle.cz\/eshop\/produkt\/soska-potapka-rohac-dux\/","title":{"rendered":"So\u0161ka pot\u00e1pka roh\u00e1\u010d \/ Dux"},"content":{"rendered":"<p>So\u0161ka pot\u00e1ky roh\u00e1\u010de podle n\u00e1vrhu Ji\u0159\u00edho \u010cernocha pro Dux. Jde o v\u011brn\u00e9 zobrazen\u00ed pt\u00e1ka podle p\u0159\u00edrody v\u010detn\u011b rodov\u00fdch a druhov\u00fdch specifik. So\u0161ka vznikla v 60. letech minul\u00e9ho stolet\u00ed.<\/p>\n<p>Stav: nov\u00e1<br \/>\nZna\u010dka: Dux, Ji\u0159\u00ed \u010cernoch<br \/>\nRozm\u011br<br \/>\nV\u00fd\u0161ka: 24 cm<br \/>\nHloubka: 16 cm<br \/>\n\u0160\u00ed\u0159ka: 8 cm<\/p>\n","protected":false},"excerpt":{"rendered":"<p>So\u0161ka pot\u00e1ky roh\u00e1\u010de podle n\u00e1vrhu Ji\u0159\u00edho \u010cernocha pro Dux. Jde o v\u011brn\u00e9 zobrazen\u00ed pt\u00e1ka podle p\u0159\u00edrody v\u010detn\u011b rodov\u00fdch a druhov\u00fdch<\/p>\n","protected":false},"featured_media":17011,"template":"","meta":[],"product_brand":[153],"product_cat":[91],"product_tag":[],"class_list":{"0":"post-17010","1":"product","2":"type-product","3":"status-publish","4":"has-post-thumbnail","6":"product_brand-eterle-cz","7":"product_cat-prodane","9":"first","10":"outofstock","11":"purchasable","12":"product-type-simple"},"_links":{"self":[{"href":"https:\/\/eterle.cz\/eshop\/wp-json\/wp\/v2\/product\/17010","targetHints":{"allow":["GET"]}}],"collection":[{"href":"https:\/\/eterle.cz\/eshop\/wp-json\/wp\/v2\/product"}],"about":[{"href":"https:\/\/eterle.cz\/eshop\/wp-json\/wp\/v2\/types\/product"}],"version-history":[{"count":0,"href":"https:\/\/eterle.cz\/eshop\/wp-json\/wp\/v2\/product\/17010\/revisions"}],"wp:featuredmedia":[{"embeddable":true,"href":"https:\/\/eterle.cz\/eshop\/wp-json\/wp\/v2\/media\/17011"}],"wp:attachment":[{"href":"https:\/\/eterle.cz\/eshop\/wp-json\/wp\/v2\/media?parent=17010"}],"wp:term":[{"taxonomy":"product_brand","embeddable":true,"href":"https:\/\/eterle.cz\/eshop\/wp-json\/wp\/v2\/product_brand?post=17010"},{"taxonomy":"product_cat","embeddable":true,"href":"https:\/\/eterle.cz\/eshop\/wp-json\/wp\/v2\/product_cat?post=17010"},{"taxonomy":"product_tag","embeddable":true,"href":"https:\/\/eterle.cz\/eshop\/wp-json\/wp\/v2\/product_tag?post=17010"}],"curies":[{"name":"wp","href":"https:\/\/api.w.org\/{rel}","templated":true}]}}