{"id":17034,"date":"2023-12-09T01:17:45","date_gmt":"2023-12-09T00:17:45","guid":{"rendered":"https:\/\/eterle.cz\/eshop\/produkt\/misa-z-lisovaneho-skla\/"},"modified":"2025-06-24T01:54:44","modified_gmt":"2025-06-23T23:54:44","slug":"misa-z-lisovaneho-skla","status":"publish","type":"product","link":"https:\/\/eterle.cz\/eshop\/produkt\/misa-z-lisovaneho-skla\/","title":{"rendered":"M\u00edsa z lisovan\u00e9ho skla"},"content":{"rendered":"<p>M\u00edsa z lisovan\u00e9ho skla s bohat\u00fdm dekorem vhodn\u00e1 na ovoce.<\/p>\n<p>Stav: v\u00fdborn\u00fd<br \/>\nRozm\u011br<br \/>\nPr\u016fm\u011br: 31 cm<br \/>\nV\u00fd\u0161ka: 9 cm<\/p>\n","protected":false},"excerpt":{"rendered":"<p>M\u00edsa z lisovan\u00e9ho skla s bohat\u00fdm dekorem vhodn\u00e1 na ovoce. Stav: v\u00fdborn\u00fd Rozm\u011br Pr\u016fm\u011br: 31 cm V\u00fd\u0161ka: 9 cm<\/p>\n","protected":false},"featured_media":17035,"template":"","meta":[],"product_brand":[153],"product_cat":[75,133],"product_tag":[],"class_list":{"0":"post-17034","1":"product","2":"type-product","3":"status-publish","4":"has-post-thumbnail","6":"product_brand-eterle-cz","7":"product_cat-sklo","8":"product_cat-misy-sklo","10":"first","11":"instock","12":"purchasable","13":"product-type-simple"},"_links":{"self":[{"href":"https:\/\/eterle.cz\/eshop\/wp-json\/wp\/v2\/product\/17034","targetHints":{"allow":["GET"]}}],"collection":[{"href":"https:\/\/eterle.cz\/eshop\/wp-json\/wp\/v2\/product"}],"about":[{"href":"https:\/\/eterle.cz\/eshop\/wp-json\/wp\/v2\/types\/product"}],"version-history":[{"count":1,"href":"https:\/\/eterle.cz\/eshop\/wp-json\/wp\/v2\/product\/17034\/revisions"}],"predecessor-version":[{"id":26419,"href":"https:\/\/eterle.cz\/eshop\/wp-json\/wp\/v2\/product\/17034\/revisions\/26419"}],"wp:featuredmedia":[{"embeddable":true,"href":"https:\/\/eterle.cz\/eshop\/wp-json\/wp\/v2\/media\/17035"}],"wp:attachment":[{"href":"https:\/\/eterle.cz\/eshop\/wp-json\/wp\/v2\/media?parent=17034"}],"wp:term":[{"taxonomy":"product_brand","embeddable":true,"href":"https:\/\/eterle.cz\/eshop\/wp-json\/wp\/v2\/product_brand?post=17034"},{"taxonomy":"product_cat","embeddable":true,"href":"https:\/\/eterle.cz\/eshop\/wp-json\/wp\/v2\/product_cat?post=17034"},{"taxonomy":"product_tag","embeddable":true,"href":"https:\/\/eterle.cz\/eshop\/wp-json\/wp\/v2\/product_tag?post=17034"}],"curies":[{"name":"wp","href":"https:\/\/api.w.org\/{rel}","templated":true}]}}