{"id":17041,"date":"2023-12-09T01:18:15","date_gmt":"2023-12-09T00:18:15","guid":{"rendered":"https:\/\/eterle.cz\/eshop\/produkt\/misa-z-hutniho-skla-josef-hospodka\/"},"modified":"2025-02-16T02:49:21","modified_gmt":"2025-02-16T01:49:21","slug":"misa-z-hutniho-skla-josef-hospodka","status":"publish","type":"product","link":"https:\/\/eterle.cz\/eshop\/produkt\/misa-z-hutniho-skla-josef-hospodka\/","title":{"rendered":"M\u00edsa z hutn\u00edho skla \/ Josef Hospodka"},"content":{"rendered":"<p>M\u00edsa z hutn\u00edho skla od n\u00e1vrh\u00e1\u0159e Josefa Hospodky pro skl\u00e1rnu Ch\u0159ibsk\u00e1 z 60. let minul\u00e9ho stolet\u00ed. Tvarem p\u0159ipom\u00edn\u00e1 kv\u011bt nebo chobotnici.<\/p>\n<p>Stav: dobr\u00fd, na jednom m\u00edst\u011b vzduchov\u00e1 bublina z v\u00fdroby<br \/>\nZna\u010dka: Josef Hospodka<br \/>\nRozm\u011br<br \/>\nPr\u016fm\u011br: 34 cm<br \/>\nV\u00fd\u0161ka: 12 cm<\/p>\n","protected":false},"excerpt":{"rendered":"<p>M\u00edsa z hutn\u00edho skla od n\u00e1vrh\u00e1\u0159e Josefa Hospodky pro skl\u00e1rnu Ch\u0159ibsk\u00e1 z 60. let minul\u00e9ho stolet\u00ed. Tvarem p\u0159ipom\u00edn\u00e1 kv\u011bt nebo<\/p>\n","protected":false},"featured_media":17042,"template":"","meta":[],"product_brand":[153],"product_cat":[91],"product_tag":[],"class_list":{"0":"post-17041","1":"product","2":"type-product","3":"status-publish","4":"has-post-thumbnail","6":"product_brand-eterle-cz","7":"product_cat-prodane","9":"first","10":"outofstock","11":"purchasable","12":"product-type-simple"},"_links":{"self":[{"href":"https:\/\/eterle.cz\/eshop\/wp-json\/wp\/v2\/product\/17041","targetHints":{"allow":["GET"]}}],"collection":[{"href":"https:\/\/eterle.cz\/eshop\/wp-json\/wp\/v2\/product"}],"about":[{"href":"https:\/\/eterle.cz\/eshop\/wp-json\/wp\/v2\/types\/product"}],"version-history":[{"count":0,"href":"https:\/\/eterle.cz\/eshop\/wp-json\/wp\/v2\/product\/17041\/revisions"}],"wp:featuredmedia":[{"embeddable":true,"href":"https:\/\/eterle.cz\/eshop\/wp-json\/wp\/v2\/media\/17042"}],"wp:attachment":[{"href":"https:\/\/eterle.cz\/eshop\/wp-json\/wp\/v2\/media?parent=17041"}],"wp:term":[{"taxonomy":"product_brand","embeddable":true,"href":"https:\/\/eterle.cz\/eshop\/wp-json\/wp\/v2\/product_brand?post=17041"},{"taxonomy":"product_cat","embeddable":true,"href":"https:\/\/eterle.cz\/eshop\/wp-json\/wp\/v2\/product_cat?post=17041"},{"taxonomy":"product_tag","embeddable":true,"href":"https:\/\/eterle.cz\/eshop\/wp-json\/wp\/v2\/product_tag?post=17041"}],"curies":[{"name":"wp","href":"https:\/\/api.w.org\/{rel}","templated":true}]}}