{"id":17049,"date":"2023-12-09T01:18:40","date_gmt":"2023-12-09T00:18:40","guid":{"rendered":"https:\/\/eterle.cz\/eshop\/produkt\/sada-6-brousenych-sklenic-na-vino\/"},"modified":"2025-02-16T02:49:20","modified_gmt":"2025-02-16T01:49:20","slug":"sada-6-brousenych-sklenic-na-vino","status":"publish","type":"product","link":"https:\/\/eterle.cz\/eshop\/produkt\/sada-6-brousenych-sklenic-na-vino\/","title":{"rendered":"Sada 6 brou\u0161en\u00fdch sklenic na v\u00edno"},"content":{"rendered":"<p>Sada 6 brou\u0161en\u00fdch sklenic na v\u00edno v\u010detn\u011b jemn\u011b brou\u0161en\u00e9ho dna stonky. Sklenice jsou velmi slavnostn\u00ed, ale nen\u00ed nutno je vyndavat jen na oslavy \ud83d\ude42<\/p>\n<p>Stav: velmi dobr\u00fd<br \/>\nRozm\u011br<br \/>\nObjem: 120 ml<br \/>\nV\u00fd\u0161ka: 14 cm<\/p>\n","protected":false},"excerpt":{"rendered":"<p>Sada 6 brou\u0161en\u00fdch sklenic na v\u00edno v\u010detn\u011b jemn\u011b brou\u0161en\u00e9ho dna stonky. Sklenice jsou velmi slavnostn\u00ed, ale nen\u00ed nutno je vyndavat<\/p>\n","protected":false},"featured_media":17050,"template":"","meta":[],"product_brand":[153],"product_cat":[91],"product_tag":[],"class_list":{"0":"post-17049","1":"product","2":"type-product","3":"status-publish","4":"has-post-thumbnail","6":"product_brand-eterle-cz","7":"product_cat-prodane","9":"first","10":"outofstock","11":"purchasable","12":"product-type-simple"},"_links":{"self":[{"href":"https:\/\/eterle.cz\/eshop\/wp-json\/wp\/v2\/product\/17049","targetHints":{"allow":["GET"]}}],"collection":[{"href":"https:\/\/eterle.cz\/eshop\/wp-json\/wp\/v2\/product"}],"about":[{"href":"https:\/\/eterle.cz\/eshop\/wp-json\/wp\/v2\/types\/product"}],"version-history":[{"count":0,"href":"https:\/\/eterle.cz\/eshop\/wp-json\/wp\/v2\/product\/17049\/revisions"}],"wp:featuredmedia":[{"embeddable":true,"href":"https:\/\/eterle.cz\/eshop\/wp-json\/wp\/v2\/media\/17050"}],"wp:attachment":[{"href":"https:\/\/eterle.cz\/eshop\/wp-json\/wp\/v2\/media?parent=17049"}],"wp:term":[{"taxonomy":"product_brand","embeddable":true,"href":"https:\/\/eterle.cz\/eshop\/wp-json\/wp\/v2\/product_brand?post=17049"},{"taxonomy":"product_cat","embeddable":true,"href":"https:\/\/eterle.cz\/eshop\/wp-json\/wp\/v2\/product_cat?post=17049"},{"taxonomy":"product_tag","embeddable":true,"href":"https:\/\/eterle.cz\/eshop\/wp-json\/wp\/v2\/product_tag?post=17049"}],"curies":[{"name":"wp","href":"https:\/\/api.w.org\/{rel}","templated":true}]}}