{"id":17060,"date":"2023-12-09T01:19:23","date_gmt":"2023-12-09T00:19:23","guid":{"rendered":"https:\/\/eterle.cz\/eshop\/produkt\/sada-6-brousenych-sklenic-na-sampanske\/"},"modified":"2025-02-16T02:49:20","modified_gmt":"2025-02-16T01:49:20","slug":"sada-6-brousenych-sklenic-na-sampanske","status":"publish","type":"product","link":"https:\/\/eterle.cz\/eshop\/produkt\/sada-6-brousenych-sklenic-na-sampanske\/","title":{"rendered":"Sada 6 brou\u0161en\u00fdch sklenic na \u0161ampa\u0148sk\u00e9"},"content":{"rendered":"<p>Sada 6 brou\u0161en\u00fdch sklenic na \u0161ampa\u0148sk\u00e9 v obl\u00edben\u00e9m tvaru &#8222;misti\u010dek&#8220;. Sklenice maj\u00ed zaj\u00edmav\u011b tvarovanou stonku a \u0161estibok\u00e9 probrou\u0161en\u00e9 d\u00fdnko. Velmi slavnostn\u00ed a elegantn\u00ed sklenice, kter\u00e9 nen\u00ed ale nutno schov\u00e1vat jen na novoro\u010dn\u00ed p\u0159\u00edpitek.<\/p>\n<p>Stav: velmi dobr\u00fd<br \/>\nZna\u010dka: Bohemia glass, Czechoslovakia<br \/>\nRozm\u011br<br \/>\nObjem: 150 ml<br \/>\nV\u00fd\u0161ka: 13,5 cm<\/p>\n","protected":false},"excerpt":{"rendered":"<p>Sada 6 brou\u0161en\u00fdch sklenic na \u0161ampa\u0148sk\u00e9 v obl\u00edben\u00e9m tvaru &#8222;misti\u010dek&#8220;. Sklenice maj\u00ed zaj\u00edmav\u011b tvarovanou stonku a \u0161estibok\u00e9 probrou\u0161en\u00e9 d\u00fdnko. Velmi<\/p>\n","protected":false},"featured_media":17061,"template":"","meta":[],"product_brand":[153],"product_cat":[91],"product_tag":[],"class_list":{"0":"post-17060","1":"product","2":"type-product","3":"status-publish","4":"has-post-thumbnail","6":"product_brand-eterle-cz","7":"product_cat-prodane","9":"first","10":"outofstock","11":"purchasable","12":"product-type-simple"},"_links":{"self":[{"href":"https:\/\/eterle.cz\/eshop\/wp-json\/wp\/v2\/product\/17060","targetHints":{"allow":["GET"]}}],"collection":[{"href":"https:\/\/eterle.cz\/eshop\/wp-json\/wp\/v2\/product"}],"about":[{"href":"https:\/\/eterle.cz\/eshop\/wp-json\/wp\/v2\/types\/product"}],"version-history":[{"count":0,"href":"https:\/\/eterle.cz\/eshop\/wp-json\/wp\/v2\/product\/17060\/revisions"}],"wp:featuredmedia":[{"embeddable":true,"href":"https:\/\/eterle.cz\/eshop\/wp-json\/wp\/v2\/media\/17061"}],"wp:attachment":[{"href":"https:\/\/eterle.cz\/eshop\/wp-json\/wp\/v2\/media?parent=17060"}],"wp:term":[{"taxonomy":"product_brand","embeddable":true,"href":"https:\/\/eterle.cz\/eshop\/wp-json\/wp\/v2\/product_brand?post=17060"},{"taxonomy":"product_cat","embeddable":true,"href":"https:\/\/eterle.cz\/eshop\/wp-json\/wp\/v2\/product_cat?post=17060"},{"taxonomy":"product_tag","embeddable":true,"href":"https:\/\/eterle.cz\/eshop\/wp-json\/wp\/v2\/product_tag?post=17060"}],"curies":[{"name":"wp","href":"https:\/\/api.w.org\/{rel}","templated":true}]}}