{"id":17072,"date":"2023-12-09T01:20:08","date_gmt":"2023-12-09T00:20:08","guid":{"rendered":"https:\/\/eterle.cz\/eshop\/produkt\/sada-6-sklenic-na-koktejl\/"},"modified":"2025-02-16T02:49:19","modified_gmt":"2025-02-16T01:49:19","slug":"sada-6-sklenic-na-koktejl","status":"publish","type":"product","link":"https:\/\/eterle.cz\/eshop\/produkt\/sada-6-sklenic-na-koktejl\/","title":{"rendered":"Sada 6 sklenic na koktejl"},"content":{"rendered":"<p>Sada 6 sklenic na Martiny se zaj\u00edmavou \u010dernou stopkou p\u016fsob\u00ed velmi elegantn\u011b.<\/p>\n<p>Stav: velmi dobr\u00fd<br \/>\nRozm\u011br<br \/>\nV\u00fd\u0161ka: 18 cm<br \/>\nObjem: 160 cm<\/p>\n","protected":false},"excerpt":{"rendered":"<p>Sada 6 sklenic na Martiny se zaj\u00edmavou \u010dernou stopkou p\u016fsob\u00ed velmi elegantn\u011b. Stav: velmi dobr\u00fd Rozm\u011br V\u00fd\u0161ka: 18 cm Objem:<\/p>\n","protected":false},"featured_media":17073,"template":"","meta":[],"product_brand":[153],"product_cat":[91],"product_tag":[],"class_list":{"0":"post-17072","1":"product","2":"type-product","3":"status-publish","4":"has-post-thumbnail","6":"product_brand-eterle-cz","7":"product_cat-prodane","9":"first","10":"outofstock","11":"purchasable","12":"product-type-simple"},"_links":{"self":[{"href":"https:\/\/eterle.cz\/eshop\/wp-json\/wp\/v2\/product\/17072","targetHints":{"allow":["GET"]}}],"collection":[{"href":"https:\/\/eterle.cz\/eshop\/wp-json\/wp\/v2\/product"}],"about":[{"href":"https:\/\/eterle.cz\/eshop\/wp-json\/wp\/v2\/types\/product"}],"version-history":[{"count":0,"href":"https:\/\/eterle.cz\/eshop\/wp-json\/wp\/v2\/product\/17072\/revisions"}],"wp:featuredmedia":[{"embeddable":true,"href":"https:\/\/eterle.cz\/eshop\/wp-json\/wp\/v2\/media\/17073"}],"wp:attachment":[{"href":"https:\/\/eterle.cz\/eshop\/wp-json\/wp\/v2\/media?parent=17072"}],"wp:term":[{"taxonomy":"product_brand","embeddable":true,"href":"https:\/\/eterle.cz\/eshop\/wp-json\/wp\/v2\/product_brand?post=17072"},{"taxonomy":"product_cat","embeddable":true,"href":"https:\/\/eterle.cz\/eshop\/wp-json\/wp\/v2\/product_cat?post=17072"},{"taxonomy":"product_tag","embeddable":true,"href":"https:\/\/eterle.cz\/eshop\/wp-json\/wp\/v2\/product_tag?post=17072"}],"curies":[{"name":"wp","href":"https:\/\/api.w.org\/{rel}","templated":true}]}}