{"id":17076,"date":"2023-12-09T01:20:29","date_gmt":"2023-12-09T00:20:29","guid":{"rendered":"https:\/\/eterle.cz\/eshop\/produkt\/brousena-vaza-4\/"},"modified":"2025-11-18T23:07:04","modified_gmt":"2025-11-18T22:07:04","slug":"brousena-vaza-4","status":"publish","type":"product","link":"https:\/\/eterle.cz\/eshop\/produkt\/brousena-vaza-4\/","title":{"rendered":"Brou\u0161en\u00e1 v\u00e1za"},"content":{"rendered":"<p>Velmi slavnostn\u00ed brou\u0161en\u00e1 v\u00e1za v kombinaci \u010dist\u00e9ho a p\u00edskovan\u00e9ho brusu. V\u00e1za je \u0161irok\u00e1 a tak vhodn\u00e1 na v\u011bt\u0161\u00ed pug\u00e9t.<\/p>\n<p>Stav: velmi dobr\u00fd<br \/>\nRozm\u011br<br \/>\nV\u00fd\u0161ka: 20 cm<br \/>\nPr\u016fm\u011br otvoru: 19 cm<\/p>\n","protected":false},"excerpt":{"rendered":"<p>Velmi slavnostn\u00ed brou\u0161en\u00e1 v\u00e1za v kombinaci \u010dist\u00e9ho a p\u00edskovan\u00e9ho brusu. V\u00e1za je \u0161irok\u00e1 a tak vhodn\u00e1 na v\u011bt\u0161\u00ed pug\u00e9t. Stav:<\/p>\n","protected":false},"featured_media":17077,"template":"","meta":[],"product_brand":[153],"product_cat":[91],"product_tag":[],"class_list":{"0":"post-17076","1":"product","2":"type-product","3":"status-publish","4":"has-post-thumbnail","6":"product_brand-eterle-cz","7":"product_cat-prodane","9":"first","10":"outofstock","11":"purchasable","12":"product-type-simple"},"_links":{"self":[{"href":"https:\/\/eterle.cz\/eshop\/wp-json\/wp\/v2\/product\/17076","targetHints":{"allow":["GET"]}}],"collection":[{"href":"https:\/\/eterle.cz\/eshop\/wp-json\/wp\/v2\/product"}],"about":[{"href":"https:\/\/eterle.cz\/eshop\/wp-json\/wp\/v2\/types\/product"}],"version-history":[{"count":1,"href":"https:\/\/eterle.cz\/eshop\/wp-json\/wp\/v2\/product\/17076\/revisions"}],"predecessor-version":[{"id":26418,"href":"https:\/\/eterle.cz\/eshop\/wp-json\/wp\/v2\/product\/17076\/revisions\/26418"}],"wp:featuredmedia":[{"embeddable":true,"href":"https:\/\/eterle.cz\/eshop\/wp-json\/wp\/v2\/media\/17077"}],"wp:attachment":[{"href":"https:\/\/eterle.cz\/eshop\/wp-json\/wp\/v2\/media?parent=17076"}],"wp:term":[{"taxonomy":"product_brand","embeddable":true,"href":"https:\/\/eterle.cz\/eshop\/wp-json\/wp\/v2\/product_brand?post=17076"},{"taxonomy":"product_cat","embeddable":true,"href":"https:\/\/eterle.cz\/eshop\/wp-json\/wp\/v2\/product_cat?post=17076"},{"taxonomy":"product_tag","embeddable":true,"href":"https:\/\/eterle.cz\/eshop\/wp-json\/wp\/v2\/product_tag?post=17076"}],"curies":[{"name":"wp","href":"https:\/\/api.w.org\/{rel}","templated":true}]}}