{"id":17083,"date":"2023-12-09T01:20:50","date_gmt":"2023-12-09T00:20:50","guid":{"rendered":"https:\/\/eterle.cz\/eshop\/produkt\/brousena-vaza-5\/"},"modified":"2025-06-24T01:54:43","modified_gmt":"2025-06-23T23:54:43","slug":"brousena-vaza-5","status":"publish","type":"product","link":"https:\/\/eterle.cz\/eshop\/produkt\/brousena-vaza-5\/","title":{"rendered":"Brou\u0161en\u00e1 v\u00e1za"},"content":{"rendered":"<p>Velmi slavnosnt\u00ed vysok\u00e1 brou\u0161en\u00e1 v\u00e1za. Brus je tvo\u0159en ve svisl\u00fdch pruz\u00edch a st\u0159\u00eddaj\u00ed se na n\u011bm kv\u011bty a jemn\u00e9 koso\u010dtverce.<\/p>\n<p>Stav: v\u00fdborn\u00fd<br \/>\nRozm\u011br<br \/>\nV\u00fd\u0161ka: 25 cm<br \/>\nPr\u016fm\u011br otvoru: 15 cm<\/p>\n","protected":false},"excerpt":{"rendered":"<p>Velmi slavnosnt\u00ed vysok\u00e1 brou\u0161en\u00e1 v\u00e1za. Brus je tvo\u0159en ve svisl\u00fdch pruz\u00edch a st\u0159\u00eddaj\u00ed se na n\u011bm kv\u011bty a jemn\u00e9 koso\u010dtverce.<\/p>\n","protected":false},"featured_media":17084,"template":"","meta":[],"product_brand":[153],"product_cat":[94],"product_tag":[],"class_list":{"0":"post-17083","1":"product","2":"type-product","3":"status-publish","4":"has-post-thumbnail","6":"product_brand-eterle-cz","7":"product_cat-vazy","9":"first","10":"instock","11":"purchasable","12":"product-type-simple"},"_links":{"self":[{"href":"https:\/\/eterle.cz\/eshop\/wp-json\/wp\/v2\/product\/17083","targetHints":{"allow":["GET"]}}],"collection":[{"href":"https:\/\/eterle.cz\/eshop\/wp-json\/wp\/v2\/product"}],"about":[{"href":"https:\/\/eterle.cz\/eshop\/wp-json\/wp\/v2\/types\/product"}],"version-history":[{"count":1,"href":"https:\/\/eterle.cz\/eshop\/wp-json\/wp\/v2\/product\/17083\/revisions"}],"predecessor-version":[{"id":26417,"href":"https:\/\/eterle.cz\/eshop\/wp-json\/wp\/v2\/product\/17083\/revisions\/26417"}],"wp:featuredmedia":[{"embeddable":true,"href":"https:\/\/eterle.cz\/eshop\/wp-json\/wp\/v2\/media\/17084"}],"wp:attachment":[{"href":"https:\/\/eterle.cz\/eshop\/wp-json\/wp\/v2\/media?parent=17083"}],"wp:term":[{"taxonomy":"product_brand","embeddable":true,"href":"https:\/\/eterle.cz\/eshop\/wp-json\/wp\/v2\/product_brand?post=17083"},{"taxonomy":"product_cat","embeddable":true,"href":"https:\/\/eterle.cz\/eshop\/wp-json\/wp\/v2\/product_cat?post=17083"},{"taxonomy":"product_tag","embeddable":true,"href":"https:\/\/eterle.cz\/eshop\/wp-json\/wp\/v2\/product_tag?post=17083"}],"curies":[{"name":"wp","href":"https:\/\/api.w.org\/{rel}","templated":true}]}}