{"id":17089,"date":"2023-12-09T01:21:11","date_gmt":"2023-12-09T00:21:11","guid":{"rendered":"https:\/\/eterle.cz\/eshop\/produkt\/lisovana-vaza\/"},"modified":"2026-03-04T22:07:35","modified_gmt":"2026-03-04T21:07:35","slug":"lisovana-vaza","status":"publish","type":"product","link":"https:\/\/eterle.cz\/eshop\/produkt\/lisovana-vaza\/","title":{"rendered":"Lisovan\u00e1 v\u00e1za"},"content":{"rendered":"<p>T\u011b\u017ek\u00e1 vysok\u00e1 v\u00e1za z lisovan\u00e9ho skla vhodn\u00e1 d\u00edky sv\u00e9 stabilit\u011b a v\u00fd\u0161ce i na dekorace z v\u011btv\u00ed.<\/p>\n<p>Stav: velmi dobr\u00fd<br \/>\nRozm\u011br<br \/>\nV\u00fd\u0161ka: 30 cm<br \/>\nPr\u016fm\u011br otvoru: 17 cm<\/p>\n","protected":false},"excerpt":{"rendered":"<p>T\u011b\u017ek\u00e1 vysok\u00e1 v\u00e1za z lisovan\u00e9ho skla vhodn\u00e1 d\u00edky sv\u00e9 stabilit\u011b a v\u00fd\u0161ce i na dekorace z v\u011btv\u00ed. Stav: velmi dobr\u00fd<\/p>\n","protected":false},"featured_media":17090,"template":"","meta":[],"product_brand":[153],"product_cat":[91],"product_tag":[],"class_list":{"0":"post-17089","1":"product","2":"type-product","3":"status-publish","4":"has-post-thumbnail","6":"product_brand-eterle-cz","7":"product_cat-prodane","9":"first","10":"outofstock","11":"purchasable","12":"product-type-simple"},"_links":{"self":[{"href":"https:\/\/eterle.cz\/eshop\/wp-json\/wp\/v2\/product\/17089","targetHints":{"allow":["GET"]}}],"collection":[{"href":"https:\/\/eterle.cz\/eshop\/wp-json\/wp\/v2\/product"}],"about":[{"href":"https:\/\/eterle.cz\/eshop\/wp-json\/wp\/v2\/types\/product"}],"version-history":[{"count":1,"href":"https:\/\/eterle.cz\/eshop\/wp-json\/wp\/v2\/product\/17089\/revisions"}],"predecessor-version":[{"id":26416,"href":"https:\/\/eterle.cz\/eshop\/wp-json\/wp\/v2\/product\/17089\/revisions\/26416"}],"wp:featuredmedia":[{"embeddable":true,"href":"https:\/\/eterle.cz\/eshop\/wp-json\/wp\/v2\/media\/17090"}],"wp:attachment":[{"href":"https:\/\/eterle.cz\/eshop\/wp-json\/wp\/v2\/media?parent=17089"}],"wp:term":[{"taxonomy":"product_brand","embeddable":true,"href":"https:\/\/eterle.cz\/eshop\/wp-json\/wp\/v2\/product_brand?post=17089"},{"taxonomy":"product_cat","embeddable":true,"href":"https:\/\/eterle.cz\/eshop\/wp-json\/wp\/v2\/product_cat?post=17089"},{"taxonomy":"product_tag","embeddable":true,"href":"https:\/\/eterle.cz\/eshop\/wp-json\/wp\/v2\/product_tag?post=17089"}],"curies":[{"name":"wp","href":"https:\/\/api.w.org\/{rel}","templated":true}]}}