{"id":17095,"date":"2023-12-09T01:21:35","date_gmt":"2023-12-09T00:21:35","guid":{"rendered":"https:\/\/eterle.cz\/eshop\/produkt\/vaza-hutni-sklo-hospodka\/"},"modified":"2025-02-16T02:49:18","modified_gmt":"2025-02-16T01:49:18","slug":"vaza-hutni-sklo-hospodka","status":"publish","type":"product","link":"https:\/\/eterle.cz\/eshop\/produkt\/vaza-hutni-sklo-hospodka\/","title":{"rendered":"V\u00e1za hutn\u00ed sklo \/ Hospodka"},"content":{"rendered":"<p>V\u00e1za z hutn\u00edho skla od design\u00e9ra Josefa Hospodky pro skl\u00e1rny Ch\u0159ibsk\u00e1 poch\u00e1z\u00ed z 2. poloviny 20. stolet\u00ed a moment\u00e1ln\u011b je \u017e\u00e1dan\u00fdm artiklem.<\/p>\n<p>Stav: v horn\u00ed \u010d\u00e1sti uvnit\u0159 patrn\u00fd pruh od vodn\u00edho kamene<br \/>\nZna\u010dka: Hospodka, skl\u00e1rna Chibsk\u00e1<br \/>\nRozm\u011br<br \/>\nV\u00fd\u0161ka: 27 cm<br \/>\nPr\u016fm\u011br otvoru: 14 cm<\/p>\n","protected":false},"excerpt":{"rendered":"<p>V\u00e1za z hutn\u00edho skla od design\u00e9ra Josefa Hospodky pro skl\u00e1rny Ch\u0159ibsk\u00e1 poch\u00e1z\u00ed z 2. poloviny 20. stolet\u00ed a moment\u00e1ln\u011b je<\/p>\n","protected":false},"featured_media":17096,"template":"","meta":[],"product_brand":[153],"product_cat":[91],"product_tag":[],"class_list":{"0":"post-17095","1":"product","2":"type-product","3":"status-publish","4":"has-post-thumbnail","6":"product_brand-eterle-cz","7":"product_cat-prodane","9":"first","10":"outofstock","11":"purchasable","12":"product-type-simple"},"_links":{"self":[{"href":"https:\/\/eterle.cz\/eshop\/wp-json\/wp\/v2\/product\/17095","targetHints":{"allow":["GET"]}}],"collection":[{"href":"https:\/\/eterle.cz\/eshop\/wp-json\/wp\/v2\/product"}],"about":[{"href":"https:\/\/eterle.cz\/eshop\/wp-json\/wp\/v2\/types\/product"}],"version-history":[{"count":0,"href":"https:\/\/eterle.cz\/eshop\/wp-json\/wp\/v2\/product\/17095\/revisions"}],"wp:featuredmedia":[{"embeddable":true,"href":"https:\/\/eterle.cz\/eshop\/wp-json\/wp\/v2\/media\/17096"}],"wp:attachment":[{"href":"https:\/\/eterle.cz\/eshop\/wp-json\/wp\/v2\/media?parent=17095"}],"wp:term":[{"taxonomy":"product_brand","embeddable":true,"href":"https:\/\/eterle.cz\/eshop\/wp-json\/wp\/v2\/product_brand?post=17095"},{"taxonomy":"product_cat","embeddable":true,"href":"https:\/\/eterle.cz\/eshop\/wp-json\/wp\/v2\/product_cat?post=17095"},{"taxonomy":"product_tag","embeddable":true,"href":"https:\/\/eterle.cz\/eshop\/wp-json\/wp\/v2\/product_tag?post=17095"}],"curies":[{"name":"wp","href":"https:\/\/api.w.org\/{rel}","templated":true}]}}