{"id":17109,"date":"2023-12-09T01:22:17","date_gmt":"2023-12-09T00:22:17","guid":{"rendered":"https:\/\/eterle.cz\/eshop\/produkt\/majolikova-vaza\/"},"modified":"2025-06-24T01:54:43","modified_gmt":"2025-06-23T23:54:43","slug":"majolikova-vaza","status":"publish","type":"product","link":"https:\/\/eterle.cz\/eshop\/produkt\/majolikova-vaza\/","title":{"rendered":"Majolikov\u00e1 v\u00e1za"},"content":{"rendered":"<p>Majolikov\u00e1 v\u00e1za s dv\u011bma uchy zdoben\u00e1 nepr\u016fhlednou st\u00e9kavou glazurou. Majolika je historick\u00fd term\u00edn kdysi u\u017e\u00edvan\u00fd pro keramick\u00e9 v\u00fdrobky poch\u00e1zej\u00edc\u00ed z ostrova Mallorca, kter\u00e9 byly pokryty c\u00ednov\u00fdm smaltov\u00fdm povrchem. Dnes se tento term\u00edn pou\u017e\u00edv\u00e1 zejm\u00e9na  p\u0159i rozli\u0161en\u00ed keramiky smaltovan\u00e9 od nesmaltovan\u00e9 nebo zalit\u00e9 tenkou vrstvou skla.<\/p>\n<p>Stav: dobr\u00fd jen uvnit\u0159 zn\u00e1mky u\u017e\u00edv\u00e1n\u00ed<br \/>\nRozm\u011br<br \/>\nV\u00fd\u0161ka: 22 cm<br \/>\nPr\u016fm\u011br otvoru: 11 cm<\/p>\n","protected":false},"excerpt":{"rendered":"<p>Majolikov\u00e1 v\u00e1za s dv\u011bma uchy zdoben\u00e1 nepr\u016fhlednou st\u00e9kavou glazurou. Majolika je historick\u00fd term\u00edn kdysi u\u017e\u00edvan\u00fd pro keramick\u00e9 v\u00fdrobky poch\u00e1zej\u00edc\u00ed z<\/p>\n","protected":false},"featured_media":17110,"template":"","meta":[],"product_brand":[153],"product_cat":[94],"product_tag":[],"class_list":{"0":"post-17109","1":"product","2":"type-product","3":"status-publish","4":"has-post-thumbnail","6":"product_brand-eterle-cz","7":"product_cat-vazy","9":"first","10":"instock","11":"purchasable","12":"product-type-simple"},"_links":{"self":[{"href":"https:\/\/eterle.cz\/eshop\/wp-json\/wp\/v2\/product\/17109","targetHints":{"allow":["GET"]}}],"collection":[{"href":"https:\/\/eterle.cz\/eshop\/wp-json\/wp\/v2\/product"}],"about":[{"href":"https:\/\/eterle.cz\/eshop\/wp-json\/wp\/v2\/types\/product"}],"version-history":[{"count":1,"href":"https:\/\/eterle.cz\/eshop\/wp-json\/wp\/v2\/product\/17109\/revisions"}],"predecessor-version":[{"id":26415,"href":"https:\/\/eterle.cz\/eshop\/wp-json\/wp\/v2\/product\/17109\/revisions\/26415"}],"wp:featuredmedia":[{"embeddable":true,"href":"https:\/\/eterle.cz\/eshop\/wp-json\/wp\/v2\/media\/17110"}],"wp:attachment":[{"href":"https:\/\/eterle.cz\/eshop\/wp-json\/wp\/v2\/media?parent=17109"}],"wp:term":[{"taxonomy":"product_brand","embeddable":true,"href":"https:\/\/eterle.cz\/eshop\/wp-json\/wp\/v2\/product_brand?post=17109"},{"taxonomy":"product_cat","embeddable":true,"href":"https:\/\/eterle.cz\/eshop\/wp-json\/wp\/v2\/product_cat?post=17109"},{"taxonomy":"product_tag","embeddable":true,"href":"https:\/\/eterle.cz\/eshop\/wp-json\/wp\/v2\/product_tag?post=17109"}],"curies":[{"name":"wp","href":"https:\/\/api.w.org\/{rel}","templated":true}]}}