{"id":17116,"date":"2023-12-09T01:22:44","date_gmt":"2023-12-09T00:22:44","guid":{"rendered":"https:\/\/eterle.cz\/eshop\/produkt\/porcelanova-vaza-wunsiedel-3\/"},"modified":"2025-06-24T01:54:43","modified_gmt":"2025-06-23T23:54:43","slug":"porcelanova-vaza-wunsiedel-3","status":"publish","type":"product","link":"https:\/\/eterle.cz\/eshop\/produkt\/porcelanova-vaza-wunsiedel-3\/","title":{"rendered":"Porcel\u00e1nov\u00e1 v\u00e1za \/ Wunsiedel"},"content":{"rendered":"<p>N\u011b\u017en\u00e1 v\u00e1za z porcel\u00e1nky Wunsiedel, kter\u00e1 je zdobena realisticky namalovan\u00fdmi pug\u00e9ty u\u010dn\u00edch kv\u011btin. Z ka\u017ed\u00e9 strany v\u00e1zy je vyobrazen jin\u00fd svazek kv\u011btin.<\/p>\n<p>Stav: dobr\u00fd, jen mal\u00fd o\u0165uk na spodn\u00ed hran\u011b v\u00e1zy. Uvnit\u0159 je na dn\u011b n\u00e1nos od u\u017e\u00edv\u00e1n\u00ed<br \/>\nZna\u010dka: Wunsiedel<br \/>\nRozm\u011br<br \/>\nV\u00fd\u0161ka: 23,5 cm<br \/>\nPr\u016fm\u011br otvoru: 13,5 cm<\/p>\n","protected":false},"excerpt":{"rendered":"<p>N\u011b\u017en\u00e1 v\u00e1za z porcel\u00e1nky Wunsiedel, kter\u00e1 je zdobena realisticky namalovan\u00fdmi pug\u00e9ty u\u010dn\u00edch kv\u011btin. Z ka\u017ed\u00e9 strany v\u00e1zy je vyobrazen jin\u00fd<\/p>\n","protected":false},"featured_media":17117,"template":"","meta":[],"product_brand":[153],"product_cat":[94],"product_tag":[],"class_list":{"0":"post-17116","1":"product","2":"type-product","3":"status-publish","4":"has-post-thumbnail","6":"product_brand-eterle-cz","7":"product_cat-vazy","9":"first","10":"instock","11":"purchasable","12":"product-type-simple"},"_links":{"self":[{"href":"https:\/\/eterle.cz\/eshop\/wp-json\/wp\/v2\/product\/17116","targetHints":{"allow":["GET"]}}],"collection":[{"href":"https:\/\/eterle.cz\/eshop\/wp-json\/wp\/v2\/product"}],"about":[{"href":"https:\/\/eterle.cz\/eshop\/wp-json\/wp\/v2\/types\/product"}],"version-history":[{"count":1,"href":"https:\/\/eterle.cz\/eshop\/wp-json\/wp\/v2\/product\/17116\/revisions"}],"predecessor-version":[{"id":26414,"href":"https:\/\/eterle.cz\/eshop\/wp-json\/wp\/v2\/product\/17116\/revisions\/26414"}],"wp:featuredmedia":[{"embeddable":true,"href":"https:\/\/eterle.cz\/eshop\/wp-json\/wp\/v2\/media\/17117"}],"wp:attachment":[{"href":"https:\/\/eterle.cz\/eshop\/wp-json\/wp\/v2\/media?parent=17116"}],"wp:term":[{"taxonomy":"product_brand","embeddable":true,"href":"https:\/\/eterle.cz\/eshop\/wp-json\/wp\/v2\/product_brand?post=17116"},{"taxonomy":"product_cat","embeddable":true,"href":"https:\/\/eterle.cz\/eshop\/wp-json\/wp\/v2\/product_cat?post=17116"},{"taxonomy":"product_tag","embeddable":true,"href":"https:\/\/eterle.cz\/eshop\/wp-json\/wp\/v2\/product_tag?post=17116"}],"curies":[{"name":"wp","href":"https:\/\/api.w.org\/{rel}","templated":true}]}}