{"id":17133,"date":"2023-12-09T01:23:34","date_gmt":"2023-12-09T00:23:34","guid":{"rendered":"https:\/\/eterle.cz\/eshop\/produkt\/stolni-lampicka-sklenena-sklarny-desna-2\/"},"modified":"2025-02-16T02:49:16","modified_gmt":"2025-02-16T01:49:16","slug":"stolni-lampicka-sklenena-sklarny-desna-2","status":"publish","type":"product","link":"https:\/\/eterle.cz\/eshop\/produkt\/stolni-lampicka-sklenena-sklarny-desna-2\/","title":{"rendered":"Stoln\u00ed lampi\u010dka sklen\u011bn\u00e1 \/ Skl\u00e1rny Desn\u00e1"},"content":{"rendered":"<p>Stoln\u00ed lampi\u010dka vyrobena v 60. letech minul\u00e9ho stolet\u00ed v Jabloneck\u00fdch skl\u00e1rn\u00e1ch Desn\u00e1.<\/p>\n<p>Stav:  el. p\u016fvodn\u00ed a funk\u010dn\u00ed<br \/>\nZna\u010dka: Jablon\u00e9ck\u00e9 skl\u00e1rny Desn\u00e1<br \/>\nV\u00fd\u0161ka: 23 cm<br \/>\nPr\u016fm\u011br st\u00ednidla: 22 cm<\/p>\n","protected":false},"excerpt":{"rendered":"<p>Stoln\u00ed lampi\u010dka vyrobena v 60. letech minul\u00e9ho stolet\u00ed v Jabloneck\u00fdch skl\u00e1rn\u00e1ch Desn\u00e1. Stav: el. p\u016fvodn\u00ed a funk\u010dn\u00ed Zna\u010dka: Jablon\u00e9ck\u00e9 skl\u00e1rny<\/p>\n","protected":false},"featured_media":17134,"template":"","meta":[],"product_brand":[153],"product_cat":[91],"product_tag":[],"class_list":{"0":"post-17133","1":"product","2":"type-product","3":"status-publish","4":"has-post-thumbnail","6":"product_brand-eterle-cz","7":"product_cat-prodane","8":"product_shipping_class-nadrozmerne","10":"first","11":"outofstock","12":"purchasable","13":"product-type-simple"},"_links":{"self":[{"href":"https:\/\/eterle.cz\/eshop\/wp-json\/wp\/v2\/product\/17133","targetHints":{"allow":["GET"]}}],"collection":[{"href":"https:\/\/eterle.cz\/eshop\/wp-json\/wp\/v2\/product"}],"about":[{"href":"https:\/\/eterle.cz\/eshop\/wp-json\/wp\/v2\/types\/product"}],"version-history":[{"count":0,"href":"https:\/\/eterle.cz\/eshop\/wp-json\/wp\/v2\/product\/17133\/revisions"}],"wp:featuredmedia":[{"embeddable":true,"href":"https:\/\/eterle.cz\/eshop\/wp-json\/wp\/v2\/media\/17134"}],"wp:attachment":[{"href":"https:\/\/eterle.cz\/eshop\/wp-json\/wp\/v2\/media?parent=17133"}],"wp:term":[{"taxonomy":"product_brand","embeddable":true,"href":"https:\/\/eterle.cz\/eshop\/wp-json\/wp\/v2\/product_brand?post=17133"},{"taxonomy":"product_cat","embeddable":true,"href":"https:\/\/eterle.cz\/eshop\/wp-json\/wp\/v2\/product_cat?post=17133"},{"taxonomy":"product_tag","embeddable":true,"href":"https:\/\/eterle.cz\/eshop\/wp-json\/wp\/v2\/product_tag?post=17133"}],"curies":[{"name":"wp","href":"https:\/\/api.w.org\/{rel}","templated":true}]}}