{"id":17166,"date":"2023-12-09T01:25:16","date_gmt":"2023-12-09T00:25:16","guid":{"rendered":"https:\/\/eterle.cz\/eshop\/produkt\/stolni-lampicka-oko\/"},"modified":"2025-02-16T02:49:15","modified_gmt":"2025-02-16T01:49:15","slug":"stolni-lampicka-oko","status":"publish","type":"product","link":"https:\/\/eterle.cz\/eshop\/produkt\/stolni-lampicka-oko\/","title":{"rendered":"Stoln\u00ed lampi\u010dka Oko"},"content":{"rendered":"<p>Zaj\u00edmav\u00e1 oran\u017eov\u00e1 retro lampi\u010dka tzv. &#8222;oko&#8220; z 60. let minul\u00e9ho stolet\u00ed. 220 V, 40 W<\/p>\n<p>Stav:  el. p\u016fvodn\u00ed a funk\u010dn\u00ed<br \/>\nV\u00fd\u0161ka: 26 cm<br \/>\nPr\u016fm\u011br z\u00e1kladny: 12 cm<br \/>\nPr\u016fm\u011br st\u00ednidla: 13 cm<\/p>\n","protected":false},"excerpt":{"rendered":"<p>Zaj\u00edmav\u00e1 oran\u017eov\u00e1 retro lampi\u010dka tzv. &#8222;oko&#8220; z 60. let minul\u00e9ho stolet\u00ed. 220 V, 40 W Stav: el. p\u016fvodn\u00ed a funk\u010dn\u00ed<\/p>\n","protected":false},"featured_media":17167,"template":"","meta":[],"product_brand":[153],"product_cat":[91],"product_tag":[],"class_list":{"0":"post-17166","1":"product","2":"type-product","3":"status-publish","4":"has-post-thumbnail","6":"product_brand-eterle-cz","7":"product_cat-prodane","8":"product_shipping_class-nadrozmerne","10":"first","11":"outofstock","12":"purchasable","13":"product-type-simple"},"_links":{"self":[{"href":"https:\/\/eterle.cz\/eshop\/wp-json\/wp\/v2\/product\/17166","targetHints":{"allow":["GET"]}}],"collection":[{"href":"https:\/\/eterle.cz\/eshop\/wp-json\/wp\/v2\/product"}],"about":[{"href":"https:\/\/eterle.cz\/eshop\/wp-json\/wp\/v2\/types\/product"}],"version-history":[{"count":0,"href":"https:\/\/eterle.cz\/eshop\/wp-json\/wp\/v2\/product\/17166\/revisions"}],"wp:featuredmedia":[{"embeddable":true,"href":"https:\/\/eterle.cz\/eshop\/wp-json\/wp\/v2\/media\/17167"}],"wp:attachment":[{"href":"https:\/\/eterle.cz\/eshop\/wp-json\/wp\/v2\/media?parent=17166"}],"wp:term":[{"taxonomy":"product_brand","embeddable":true,"href":"https:\/\/eterle.cz\/eshop\/wp-json\/wp\/v2\/product_brand?post=17166"},{"taxonomy":"product_cat","embeddable":true,"href":"https:\/\/eterle.cz\/eshop\/wp-json\/wp\/v2\/product_cat?post=17166"},{"taxonomy":"product_tag","embeddable":true,"href":"https:\/\/eterle.cz\/eshop\/wp-json\/wp\/v2\/product_tag?post=17166"}],"curies":[{"name":"wp","href":"https:\/\/api.w.org\/{rel}","templated":true}]}}