{"id":17173,"date":"2023-12-09T01:25:37","date_gmt":"2023-12-09T00:25:37","guid":{"rendered":"https:\/\/eterle.cz\/eshop\/produkt\/stolni-lampicka-7\/"},"modified":"2025-02-16T02:49:15","modified_gmt":"2025-02-16T01:49:15","slug":"stolni-lampicka-7","status":"publish","type":"product","link":"https:\/\/eterle.cz\/eshop\/produkt\/stolni-lampicka-7\/","title":{"rendered":"Stoln\u00ed lampi\u010dka"},"content":{"rendered":"<p>Stoln\u00ed art deco lampi\u010dka s nakl\u00e1p\u011bc\u00edm st\u00ednidlem z op\u00e1lov\u00e9ho skla ve tvaru poup\u011bte. Lampi\u010dka je ur\u010dena p\u0159edev\u0161\u00edm na no\u010dn\u00ed stolek.<\/p>\n<p>Stav: chrom le\u0161t\u011bn\u00edm m\u00edsty sed\u0159en, nov\u00e1 el. instalace<br \/>\nV\u00fd\u0161ka: 24 cm<br \/>\nPr\u016fm\u011br z\u00e1kladny: 11 cm<br \/>\nPr\u016fm\u011br st\u00ednidla: 13 cm<\/p>\n","protected":false},"excerpt":{"rendered":"<p>Stoln\u00ed art deco lampi\u010dka s nakl\u00e1p\u011bc\u00edm st\u00ednidlem z op\u00e1lov\u00e9ho skla ve tvaru poup\u011bte. Lampi\u010dka je ur\u010dena p\u0159edev\u0161\u00edm na no\u010dn\u00ed stolek.<\/p>\n","protected":false},"featured_media":17174,"template":"","meta":[],"product_brand":[153],"product_cat":[91],"product_tag":[],"class_list":{"0":"post-17173","1":"product","2":"type-product","3":"status-publish","4":"has-post-thumbnail","6":"product_brand-eterle-cz","7":"product_cat-prodane","8":"product_shipping_class-nadrozmerne","10":"first","11":"outofstock","12":"purchasable","13":"product-type-simple"},"_links":{"self":[{"href":"https:\/\/eterle.cz\/eshop\/wp-json\/wp\/v2\/product\/17173","targetHints":{"allow":["GET"]}}],"collection":[{"href":"https:\/\/eterle.cz\/eshop\/wp-json\/wp\/v2\/product"}],"about":[{"href":"https:\/\/eterle.cz\/eshop\/wp-json\/wp\/v2\/types\/product"}],"version-history":[{"count":0,"href":"https:\/\/eterle.cz\/eshop\/wp-json\/wp\/v2\/product\/17173\/revisions"}],"wp:featuredmedia":[{"embeddable":true,"href":"https:\/\/eterle.cz\/eshop\/wp-json\/wp\/v2\/media\/17174"}],"wp:attachment":[{"href":"https:\/\/eterle.cz\/eshop\/wp-json\/wp\/v2\/media?parent=17173"}],"wp:term":[{"taxonomy":"product_brand","embeddable":true,"href":"https:\/\/eterle.cz\/eshop\/wp-json\/wp\/v2\/product_brand?post=17173"},{"taxonomy":"product_cat","embeddable":true,"href":"https:\/\/eterle.cz\/eshop\/wp-json\/wp\/v2\/product_cat?post=17173"},{"taxonomy":"product_tag","embeddable":true,"href":"https:\/\/eterle.cz\/eshop\/wp-json\/wp\/v2\/product_tag?post=17173"}],"curies":[{"name":"wp","href":"https:\/\/api.w.org\/{rel}","templated":true}]}}