{"id":17180,"date":"2023-12-09T01:26:04","date_gmt":"2023-12-09T00:26:04","guid":{"rendered":"https:\/\/eterle.cz\/eshop\/produkt\/parove-stolni-lampicky-napako-2\/"},"modified":"2025-02-16T02:49:14","modified_gmt":"2025-02-16T01:49:14","slug":"parove-stolni-lampicky-napako-2","status":"publish","type":"product","link":"https:\/\/eterle.cz\/eshop\/produkt\/parove-stolni-lampicky-napako-2\/","title":{"rendered":"P\u00e1rov\u00e9 stoln\u00ed lampi\u010dky \/ Napako"},"content":{"rendered":"<p>P\u00e1rov\u00e9 stoln\u00ed art deco lampi\u010dky s nakl\u00e1p\u011bc\u00edm st\u00ednidlem z op\u00e1lov\u00e9ho skla ve tvaru poup\u011bte. Lampi\u010dka je ur\u010dena p\u0159edev\u0161\u00edm na no\u010dn\u00ed stolek. 250 V, 1x 40 W<\/p>\n<p>Stav: el. p\u016fvodn\u00ed a funk\u010dn\u00ed<br \/>\nZna\u010dka: Napako<br \/>\nV\u00fd\u0161ka: 23 cm<br \/>\nRozm\u011br z\u00e1kladny: 15 x 9 cm<br \/>\nPr\u016fm\u011br st\u00ednidla: 13 cm<\/p>\n","protected":false},"excerpt":{"rendered":"<p>P\u00e1rov\u00e9 stoln\u00ed art deco lampi\u010dky s nakl\u00e1p\u011bc\u00edm st\u00ednidlem z op\u00e1lov\u00e9ho skla ve tvaru poup\u011bte. Lampi\u010dka je ur\u010dena p\u0159edev\u0161\u00edm na no\u010dn\u00ed<\/p>\n","protected":false},"featured_media":17181,"template":"","meta":[],"product_brand":[153],"product_cat":[91],"product_tag":[],"class_list":{"0":"post-17180","1":"product","2":"type-product","3":"status-publish","4":"has-post-thumbnail","6":"product_brand-eterle-cz","7":"product_cat-prodane","8":"product_shipping_class-nadrozmerne","10":"first","11":"outofstock","12":"purchasable","13":"product-type-simple"},"_links":{"self":[{"href":"https:\/\/eterle.cz\/eshop\/wp-json\/wp\/v2\/product\/17180","targetHints":{"allow":["GET"]}}],"collection":[{"href":"https:\/\/eterle.cz\/eshop\/wp-json\/wp\/v2\/product"}],"about":[{"href":"https:\/\/eterle.cz\/eshop\/wp-json\/wp\/v2\/types\/product"}],"version-history":[{"count":0,"href":"https:\/\/eterle.cz\/eshop\/wp-json\/wp\/v2\/product\/17180\/revisions"}],"wp:featuredmedia":[{"embeddable":true,"href":"https:\/\/eterle.cz\/eshop\/wp-json\/wp\/v2\/media\/17181"}],"wp:attachment":[{"href":"https:\/\/eterle.cz\/eshop\/wp-json\/wp\/v2\/media?parent=17180"}],"wp:term":[{"taxonomy":"product_brand","embeddable":true,"href":"https:\/\/eterle.cz\/eshop\/wp-json\/wp\/v2\/product_brand?post=17180"},{"taxonomy":"product_cat","embeddable":true,"href":"https:\/\/eterle.cz\/eshop\/wp-json\/wp\/v2\/product_cat?post=17180"},{"taxonomy":"product_tag","embeddable":true,"href":"https:\/\/eterle.cz\/eshop\/wp-json\/wp\/v2\/product_tag?post=17180"}],"curies":[{"name":"wp","href":"https:\/\/api.w.org\/{rel}","templated":true}]}}