{"id":17188,"date":"2023-12-09T01:26:32","date_gmt":"2023-12-09T00:26:32","guid":{"rendered":"https:\/\/eterle.cz\/eshop\/produkt\/stolni-lampa-strapata-japonsko\/"},"modified":"2025-06-24T01:54:42","modified_gmt":"2025-06-23T23:54:42","slug":"stolni-lampa-strapata-japonsko","status":"publish","type":"product","link":"https:\/\/eterle.cz\/eshop\/produkt\/stolni-lampa-strapata-japonsko\/","title":{"rendered":"Stoln\u00ed lampa st\u0159apat\u00e1 \/ Japonsko"},"content":{"rendered":"<p>Velmi neobvykl\u00e1 japonsk\u00e1 lampa &#8222;phantom lite&#8220; , kter\u00e1 se ot\u00e1\u010d\u00ed a sv\u00edt\u00ed drobounk\u00fdmi sv\u011bt\u00fdlky, kter\u00e1 m\u011bn\u00ed barvu. Sp\u00ed\u0161e ne\u017e o lampu pro osv\u011btlen\u00ed, jde o dekora\u010dn\u00ed prvke pro vytvo\u0159ne\u00ed atmosf\u00e9ry. Lampa se zapojuje do samostatn\u00e9ho gener\u00e1toru. Vzhledem ke sklen\u011bn\u00fdm vl\u00e1kn\u016fm ji nedoporu\u010dujeme do d\u011btsk\u00e9ho pokoje.<\/p>\n<p>Stav: el. p\u016fvodn\u00ed a funk\u010dn\u00ed<br \/>\nZna\u010dka: Osaka, Japonsko<br \/>\nV\u00fd\u0161ka: 52 (26 bez t\u0159\u00e1sn\u00ed) cm<br \/>\nPr\u016fm\u011br nerezov\u00e9 koule: 17 cm<\/p>\n","protected":false},"excerpt":{"rendered":"<p>Velmi neobvykl\u00e1 japonsk\u00e1 lampa &#8222;phantom lite&#8220; , kter\u00e1 se ot\u00e1\u010d\u00ed a sv\u00edt\u00ed drobounk\u00fdmi sv\u011bt\u00fdlky, kter\u00e1 m\u011bn\u00ed barvu. Sp\u00ed\u0161e ne\u017e o<\/p>\n","protected":false},"featured_media":17189,"template":"","meta":[],"product_brand":[153],"product_cat":[79,141],"product_tag":[],"class_list":{"0":"post-17188","1":"product","2":"type-product","3":"status-publish","4":"has-post-thumbnail","6":"product_brand-eterle-cz","7":"product_cat-svetla","8":"product_cat-stolni-lampy","9":"product_shipping_class-nadrozmerne","11":"first","12":"instock","13":"purchasable","14":"product-type-simple"},"_links":{"self":[{"href":"https:\/\/eterle.cz\/eshop\/wp-json\/wp\/v2\/product\/17188","targetHints":{"allow":["GET"]}}],"collection":[{"href":"https:\/\/eterle.cz\/eshop\/wp-json\/wp\/v2\/product"}],"about":[{"href":"https:\/\/eterle.cz\/eshop\/wp-json\/wp\/v2\/types\/product"}],"version-history":[{"count":1,"href":"https:\/\/eterle.cz\/eshop\/wp-json\/wp\/v2\/product\/17188\/revisions"}],"predecessor-version":[{"id":26412,"href":"https:\/\/eterle.cz\/eshop\/wp-json\/wp\/v2\/product\/17188\/revisions\/26412"}],"wp:featuredmedia":[{"embeddable":true,"href":"https:\/\/eterle.cz\/eshop\/wp-json\/wp\/v2\/media\/17189"}],"wp:attachment":[{"href":"https:\/\/eterle.cz\/eshop\/wp-json\/wp\/v2\/media?parent=17188"}],"wp:term":[{"taxonomy":"product_brand","embeddable":true,"href":"https:\/\/eterle.cz\/eshop\/wp-json\/wp\/v2\/product_brand?post=17188"},{"taxonomy":"product_cat","embeddable":true,"href":"https:\/\/eterle.cz\/eshop\/wp-json\/wp\/v2\/product_cat?post=17188"},{"taxonomy":"product_tag","embeddable":true,"href":"https:\/\/eterle.cz\/eshop\/wp-json\/wp\/v2\/product_tag?post=17188"}],"curies":[{"name":"wp","href":"https:\/\/api.w.org\/{rel}","templated":true}]}}