{"id":17203,"date":"2023-12-09T01:27:17","date_gmt":"2023-12-09T00:27:17","guid":{"rendered":"https:\/\/eterle.cz\/eshop\/produkt\/lampa-stojaci\/"},"modified":"2025-06-24T01:54:42","modified_gmt":"2025-06-23T23:54:42","slug":"lampa-stojaci","status":"publish","type":"product","link":"https:\/\/eterle.cz\/eshop\/produkt\/lampa-stojaci\/","title":{"rendered":"Lampa stojac\u00ed"},"content":{"rendered":"<p>Origin\u00e1ln\u00ed subtiln\u00ed d\u0159ev\u011bn\u00e1 stojac\u00ed lampa z 60. let minul\u00e9ho stolet\u00ed. Vhodn\u00e1 ke k\u0159eslu na \u010dten\u00ed nebo jen jako dopln\u011bk do ob\u00fdvac\u00edho pokoje \u010di lo\u017enice pro navozen\u00ed p\u0159\u00edjemn\u00e9 atmosf\u00e9ry.<\/p>\n<p>Stav: el. p\u016fvodn\u00ed a funk\u010dn\u00ed<br \/>\nV\u00fd\u0161ka: 186 cm<br \/>\nPr\u016fm\u011br z\u00e1kladny: 31 cm<br \/>\nPr\u016fm\u011br st\u00ednidla: 50 cm<\/p>\n","protected":false},"excerpt":{"rendered":"<p>Origin\u00e1ln\u00ed subtiln\u00ed d\u0159ev\u011bn\u00e1 stojac\u00ed lampa z 60. let minul\u00e9ho stolet\u00ed. Vhodn\u00e1 ke k\u0159eslu na \u010dten\u00ed nebo jen jako dopln\u011bk do<\/p>\n","protected":false},"featured_media":17204,"template":"","meta":[],"product_brand":[153],"product_cat":[79,142],"product_tag":[],"class_list":{"0":"post-17203","1":"product","2":"type-product","3":"status-publish","4":"has-post-thumbnail","6":"product_brand-eterle-cz","7":"product_cat-svetla","8":"product_cat-stojaci-lampy","9":"product_shipping_class-nadrozmerne","11":"first","12":"instock","13":"purchasable","14":"product-type-simple"},"_links":{"self":[{"href":"https:\/\/eterle.cz\/eshop\/wp-json\/wp\/v2\/product\/17203","targetHints":{"allow":["GET"]}}],"collection":[{"href":"https:\/\/eterle.cz\/eshop\/wp-json\/wp\/v2\/product"}],"about":[{"href":"https:\/\/eterle.cz\/eshop\/wp-json\/wp\/v2\/types\/product"}],"version-history":[{"count":2,"href":"https:\/\/eterle.cz\/eshop\/wp-json\/wp\/v2\/product\/17203\/revisions"}],"predecessor-version":[{"id":26411,"href":"https:\/\/eterle.cz\/eshop\/wp-json\/wp\/v2\/product\/17203\/revisions\/26411"}],"wp:featuredmedia":[{"embeddable":true,"href":"https:\/\/eterle.cz\/eshop\/wp-json\/wp\/v2\/media\/17204"}],"wp:attachment":[{"href":"https:\/\/eterle.cz\/eshop\/wp-json\/wp\/v2\/media?parent=17203"}],"wp:term":[{"taxonomy":"product_brand","embeddable":true,"href":"https:\/\/eterle.cz\/eshop\/wp-json\/wp\/v2\/product_brand?post=17203"},{"taxonomy":"product_cat","embeddable":true,"href":"https:\/\/eterle.cz\/eshop\/wp-json\/wp\/v2\/product_cat?post=17203"},{"taxonomy":"product_tag","embeddable":true,"href":"https:\/\/eterle.cz\/eshop\/wp-json\/wp\/v2\/product_tag?post=17203"}],"curies":[{"name":"wp","href":"https:\/\/api.w.org\/{rel}","templated":true}]}}