{"id":17213,"date":"2023-12-09T01:27:48","date_gmt":"2023-12-09T00:27:48","guid":{"rendered":"https:\/\/eterle.cz\/eshop\/produkt\/oranzova-stolni-lampa\/"},"modified":"2025-02-16T02:49:13","modified_gmt":"2025-02-16T01:49:13","slug":"oranzova-stolni-lampa","status":"publish","type":"product","link":"https:\/\/eterle.cz\/eshop\/produkt\/oranzova-stolni-lampa\/","title":{"rendered":"Oran\u017eov\u00e1 stoln\u00ed lampa"},"content":{"rendered":"<p>Stoln\u00ed lampa na pracovn\u00ed st\u016fl, kter\u00e1 se p\u0159id\u011bl\u00e1v\u00e1 k desce. St\u00ednidlo p\u0159ipom\u00ednaj\u00edc\u00ed oko je nakl\u00e1p\u011bj\u00edc\u00edc a ty\u010d je oto\u010dn\u00e1. Zaj\u00edmav\u00e1 je kombinace velmi subtiln\u00ed ty\u010de a pom\u011brn\u011b v\u011blk\u00e9ho stinidla ve v\u00fdrazn\u00e9 oran\u017eov\u00e9 barv\u011b.<\/p>\n<p>Stav: el. p\u016fvodn\u00ed a funk\u010dn\u00ed<br \/>\nV\u00fd\u0161ka: 50 cm<br \/>\nPr\u016fm\u011br st\u00ednidla: 20 cm<\/p>\n","protected":false},"excerpt":{"rendered":"<p>Stoln\u00ed lampa na pracovn\u00ed st\u016fl, kter\u00e1 se p\u0159id\u011bl\u00e1v\u00e1 k desce. St\u00ednidlo p\u0159ipom\u00ednaj\u00edc\u00ed oko je nakl\u00e1p\u011bj\u00edc\u00edc a ty\u010d je oto\u010dn\u00e1. Zaj\u00edmav\u00e1<\/p>\n","protected":false},"featured_media":17214,"template":"","meta":[],"product_brand":[153],"product_cat":[79,141],"product_tag":[],"class_list":{"0":"post-17213","1":"product","2":"type-product","3":"status-publish","4":"has-post-thumbnail","6":"product_brand-eterle-cz","7":"product_cat-svetla","8":"product_cat-stolni-lampy","9":"product_shipping_class-nadrozmerne","11":"first","12":"outofstock","13":"purchasable","14":"product-type-simple"},"_links":{"self":[{"href":"https:\/\/eterle.cz\/eshop\/wp-json\/wp\/v2\/product\/17213","targetHints":{"allow":["GET"]}}],"collection":[{"href":"https:\/\/eterle.cz\/eshop\/wp-json\/wp\/v2\/product"}],"about":[{"href":"https:\/\/eterle.cz\/eshop\/wp-json\/wp\/v2\/types\/product"}],"version-history":[{"count":0,"href":"https:\/\/eterle.cz\/eshop\/wp-json\/wp\/v2\/product\/17213\/revisions"}],"wp:featuredmedia":[{"embeddable":true,"href":"https:\/\/eterle.cz\/eshop\/wp-json\/wp\/v2\/media\/17214"}],"wp:attachment":[{"href":"https:\/\/eterle.cz\/eshop\/wp-json\/wp\/v2\/media?parent=17213"}],"wp:term":[{"taxonomy":"product_brand","embeddable":true,"href":"https:\/\/eterle.cz\/eshop\/wp-json\/wp\/v2\/product_brand?post=17213"},{"taxonomy":"product_cat","embeddable":true,"href":"https:\/\/eterle.cz\/eshop\/wp-json\/wp\/v2\/product_cat?post=17213"},{"taxonomy":"product_tag","embeddable":true,"href":"https:\/\/eterle.cz\/eshop\/wp-json\/wp\/v2\/product_tag?post=17213"}],"curies":[{"name":"wp","href":"https:\/\/api.w.org\/{rel}","templated":true}]}}