{"id":17224,"date":"2023-12-09T01:28:18","date_gmt":"2023-12-09T00:28:18","guid":{"rendered":"https:\/\/eterle.cz\/eshop\/produkt\/parove-stolni-lampicky-2\/"},"modified":"2025-02-16T02:49:13","modified_gmt":"2025-02-16T01:49:13","slug":"parove-stolni-lampicky-2","status":"publish","type":"product","link":"https:\/\/eterle.cz\/eshop\/produkt\/parove-stolni-lampicky-2\/","title":{"rendered":"P\u00e1rov\u00e9 stoln\u00ed lampi\u010dky"},"content":{"rendered":"<p>P\u00e1rov\u00e9 stoln\u00ed art deco lampi\u010dky s nakl\u00e1p\u011bc\u00edm st\u00ednidlem ve smetanov\u00e9 barv\u011b. Lampi\u010dka je ur\u010dena p\u0159edev\u0161\u00edm na no\u010dn\u00ed stolek.<\/p>\n<p>Stav: el. nov\u00e1, chrom perfektn\u00ed<br \/>\nV\u00fd\u0161ka: 27 cm<br \/>\nPr\u016fm\u011br z\u00e1kladny: 12 cm<br \/>\nPr\u016fm\u011br st\u00ednidla: 15 cm<\/p>\n","protected":false},"excerpt":{"rendered":"<p>P\u00e1rov\u00e9 stoln\u00ed art deco lampi\u010dky s nakl\u00e1p\u011bc\u00edm st\u00ednidlem ve smetanov\u00e9 barv\u011b. Lampi\u010dka je ur\u010dena p\u0159edev\u0161\u00edm na no\u010dn\u00ed stolek. Stav: el.<\/p>\n","protected":false},"featured_media":17225,"template":"","meta":[],"product_brand":[153],"product_cat":[91],"product_tag":[],"class_list":{"0":"post-17224","1":"product","2":"type-product","3":"status-publish","4":"has-post-thumbnail","6":"product_brand-eterle-cz","7":"product_cat-prodane","8":"product_shipping_class-nadrozmerne","10":"first","11":"outofstock","12":"purchasable","13":"product-type-simple"},"_links":{"self":[{"href":"https:\/\/eterle.cz\/eshop\/wp-json\/wp\/v2\/product\/17224","targetHints":{"allow":["GET"]}}],"collection":[{"href":"https:\/\/eterle.cz\/eshop\/wp-json\/wp\/v2\/product"}],"about":[{"href":"https:\/\/eterle.cz\/eshop\/wp-json\/wp\/v2\/types\/product"}],"version-history":[{"count":0,"href":"https:\/\/eterle.cz\/eshop\/wp-json\/wp\/v2\/product\/17224\/revisions"}],"wp:featuredmedia":[{"embeddable":true,"href":"https:\/\/eterle.cz\/eshop\/wp-json\/wp\/v2\/media\/17225"}],"wp:attachment":[{"href":"https:\/\/eterle.cz\/eshop\/wp-json\/wp\/v2\/media?parent=17224"}],"wp:term":[{"taxonomy":"product_brand","embeddable":true,"href":"https:\/\/eterle.cz\/eshop\/wp-json\/wp\/v2\/product_brand?post=17224"},{"taxonomy":"product_cat","embeddable":true,"href":"https:\/\/eterle.cz\/eshop\/wp-json\/wp\/v2\/product_cat?post=17224"},{"taxonomy":"product_tag","embeddable":true,"href":"https:\/\/eterle.cz\/eshop\/wp-json\/wp\/v2\/product_tag?post=17224"}],"curies":[{"name":"wp","href":"https:\/\/api.w.org\/{rel}","templated":true}]}}