{"id":17232,"date":"2023-12-09T01:28:40","date_gmt":"2023-12-09T00:28:40","guid":{"rendered":"https:\/\/eterle.cz\/eshop\/produkt\/konferencni-stolek-sklenena-deska-jitona\/"},"modified":"2025-02-16T02:49:13","modified_gmt":"2025-02-16T01:49:13","slug":"konferencni-stolek-sklenena-deska-jitona","status":"publish","type":"product","link":"https:\/\/eterle.cz\/eshop\/produkt\/konferencni-stolek-sklenena-deska-jitona\/","title":{"rendered":"Konferen\u010dn\u00ed stolek sklen\u011bn\u00e1 deska \/ Jitona"},"content":{"rendered":"<p>Konferen\u010dn\u00ed stolek z 60. let minul\u00e9ho stolet\u00ed pro n\u00e1rodn\u00ed podnik Jitona. Stolek m\u00e1 kr\u00e1sn\u011b tvarovan\u00e9 nohy, kter\u00e9 tvo\u0159\u00ed z\u00e1rove\u0148 op\u011brnou konstrukci pro voln\u011b polo\u017eenou sklen\u011bnou desku stolu.<\/p>\n<p>Stav: p\u016fvodn\u00ed zachoval\u00fd<br \/>\nRozm\u011bry<br \/>\nV\u00fd\u0161ka: 60 cm<br \/>\nPr\u016fm\u011br desky: 72 cm<\/p>\n","protected":false},"excerpt":{"rendered":"<p>Konferen\u010dn\u00ed stolek z 60. let minul\u00e9ho stolet\u00ed pro n\u00e1rodn\u00ed podnik Jitona. Stolek m\u00e1 kr\u00e1sn\u011b tvarovan\u00e9 nohy, kter\u00e9 tvo\u0159\u00ed z\u00e1rove\u0148 op\u011brnou<\/p>\n","protected":false},"featured_media":17233,"template":"","meta":[],"product_brand":[153],"product_cat":[91],"product_tag":[],"class_list":{"0":"post-17232","1":"product","2":"type-product","3":"status-publish","4":"has-post-thumbnail","6":"product_brand-eterle-cz","7":"product_cat-prodane","8":"product_shipping_class-nadrozmerne","10":"first","11":"outofstock","12":"purchasable","13":"product-type-simple"},"_links":{"self":[{"href":"https:\/\/eterle.cz\/eshop\/wp-json\/wp\/v2\/product\/17232","targetHints":{"allow":["GET"]}}],"collection":[{"href":"https:\/\/eterle.cz\/eshop\/wp-json\/wp\/v2\/product"}],"about":[{"href":"https:\/\/eterle.cz\/eshop\/wp-json\/wp\/v2\/types\/product"}],"version-history":[{"count":1,"href":"https:\/\/eterle.cz\/eshop\/wp-json\/wp\/v2\/product\/17232\/revisions"}],"predecessor-version":[{"id":17365,"href":"https:\/\/eterle.cz\/eshop\/wp-json\/wp\/v2\/product\/17232\/revisions\/17365"}],"wp:featuredmedia":[{"embeddable":true,"href":"https:\/\/eterle.cz\/eshop\/wp-json\/wp\/v2\/media\/17233"}],"wp:attachment":[{"href":"https:\/\/eterle.cz\/eshop\/wp-json\/wp\/v2\/media?parent=17232"}],"wp:term":[{"taxonomy":"product_brand","embeddable":true,"href":"https:\/\/eterle.cz\/eshop\/wp-json\/wp\/v2\/product_brand?post=17232"},{"taxonomy":"product_cat","embeddable":true,"href":"https:\/\/eterle.cz\/eshop\/wp-json\/wp\/v2\/product_cat?post=17232"},{"taxonomy":"product_tag","embeddable":true,"href":"https:\/\/eterle.cz\/eshop\/wp-json\/wp\/v2\/product_tag?post=17232"}],"curies":[{"name":"wp","href":"https:\/\/api.w.org\/{rel}","templated":true}]}}