{"id":17262,"date":"2023-12-09T01:30:13","date_gmt":"2023-12-09T00:30:13","guid":{"rendered":"https:\/\/eterle.cz\/eshop\/produkt\/konferencni-stolek-a-dve-kresilka-fuchs\/"},"modified":"2026-01-15T09:15:13","modified_gmt":"2026-01-15T08:15:13","slug":"konferencni-stolek-a-dve-kresilka-fuchs","status":"publish","type":"product","link":"https:\/\/eterle.cz\/eshop\/produkt\/konferencni-stolek-a-dve-kresilka-fuchs\/","title":{"rendered":"Konferen\u010dn\u00ed stolek a dv\u011b k\u0159es\u00edlka \/ Fuchs"},"content":{"rendered":"<p>Set dvou ratanov\u00fdch k\u0159es\u00edlek a stolku \u00fadajn\u011b dle p\u016fvodn\u00edho majitele od n\u00e1vrh\u00e1\u0159e Alana Fuchse pro \u00daLUV. Ratanov\u00fd n\u00e1bytek bude dob\u0159e vypadat na zimn\u00ed zahrad\u011b \u010di v p\u0159eds\u00edni a v l\u00e9t\u011b na zahrad\u011b.<\/p>\n<p>STOLEK<br \/>\nStav: zachoval\u00fd p\u016fvodn\u00ed stav<br \/>\nZna\u010dka: \u00fadajn\u011b Alan Fuchs<br \/>\nRozm\u011bry<br \/>\nV\u00fd\u0161ka: 63 cm<br \/>\nDeska: 58 x 58 cm<\/p>\n<p>K\u0158ES\u00cdLKO<br \/>\nStav: zachoval\u00fd p\u016fvodn\u00ed stav, na n\u011bkter\u00fdch nohou trochu dole rozpleten\u00fd ratan<br \/>\nZna\u010dka: \u00fadajn\u011b Alan Fuchs<br \/>\nRozm\u011bry<br \/>\nV\u00fd\u0161ka: 69 cm<br \/>\nV\u00fd\u0161ka sed\u00e1ku: 33 cm<br \/>\n\u0160\u00ed\u0159ka: 54 cm<br \/>\n\u0160\u00ed\u0159ka sed\u00e1ku: 50 cm<br \/>\nHloubka: 80 cm<\/p>\n","protected":false},"excerpt":{"rendered":"<p>Set dvou ratanov\u00fdch k\u0159es\u00edlek a stolku \u00fadajn\u011b dle p\u016fvodn\u00edho majitele od n\u00e1vrh\u00e1\u0159e Alana Fuchse pro \u00daLUV. Ratanov\u00fd n\u00e1bytek bude dob\u0159e<\/p>\n","protected":false},"featured_media":17263,"template":"","meta":[],"product_brand":[153],"product_cat":[91],"product_tag":[],"class_list":{"0":"post-17262","1":"product","2":"type-product","3":"status-publish","4":"has-post-thumbnail","6":"product_brand-eterle-cz","7":"product_cat-prodane","8":"product_shipping_class-nadrozmerne","10":"first","11":"outofstock","12":"purchasable","13":"product-type-simple"},"_links":{"self":[{"href":"https:\/\/eterle.cz\/eshop\/wp-json\/wp\/v2\/product\/17262","targetHints":{"allow":["GET"]}}],"collection":[{"href":"https:\/\/eterle.cz\/eshop\/wp-json\/wp\/v2\/product"}],"about":[{"href":"https:\/\/eterle.cz\/eshop\/wp-json\/wp\/v2\/types\/product"}],"version-history":[{"count":1,"href":"https:\/\/eterle.cz\/eshop\/wp-json\/wp\/v2\/product\/17262\/revisions"}],"predecessor-version":[{"id":26410,"href":"https:\/\/eterle.cz\/eshop\/wp-json\/wp\/v2\/product\/17262\/revisions\/26410"}],"wp:featuredmedia":[{"embeddable":true,"href":"https:\/\/eterle.cz\/eshop\/wp-json\/wp\/v2\/media\/17263"}],"wp:attachment":[{"href":"https:\/\/eterle.cz\/eshop\/wp-json\/wp\/v2\/media?parent=17262"}],"wp:term":[{"taxonomy":"product_brand","embeddable":true,"href":"https:\/\/eterle.cz\/eshop\/wp-json\/wp\/v2\/product_brand?post=17262"},{"taxonomy":"product_cat","embeddable":true,"href":"https:\/\/eterle.cz\/eshop\/wp-json\/wp\/v2\/product_cat?post=17262"},{"taxonomy":"product_tag","embeddable":true,"href":"https:\/\/eterle.cz\/eshop\/wp-json\/wp\/v2\/product_tag?post=17262"}],"curies":[{"name":"wp","href":"https:\/\/api.w.org\/{rel}","templated":true}]}}