{"id":17265,"date":"2023-12-09T01:30:27","date_gmt":"2023-12-09T00:30:27","guid":{"rendered":"https:\/\/eterle.cz\/eshop\/produkt\/odkladaci-stolek-interier-praha\/"},"modified":"2025-02-16T02:49:11","modified_gmt":"2025-02-16T01:49:11","slug":"odkladaci-stolek-interier-praha","status":"publish","type":"product","link":"https:\/\/eterle.cz\/eshop\/produkt\/odkladaci-stolek-interier-praha\/","title":{"rendered":"Odkl\u00e1dac\u00ed stolek \/ Interi\u00e9r Praha"},"content":{"rendered":"<p>Zaj\u00edmav\u011b tvarovan\u00fd odkl\u00e1dac\u00ed stolek z n\u00e1rodn\u00edho podniku Interi\u00e9r Praha v proveden\u00ed dub. Vhodn\u00fd zejm\u00e9na do chodby na odlo\u017een\u00ed kabelky , ale i jako stolek ke solit\u00e9rn\u00edmu k\u0159eslu s poli\u010dkou na \u010dasopisy.<\/p>\n<p>Stav: zachoval\u00fd p\u016fvodn\u00ed<br \/>\nRozm\u011bry<br \/>\nV\u00fd\u0161ka: 57 cm<br \/>\nDeska: 58 x 46 cm<\/p>\n","protected":false},"excerpt":{"rendered":"<p>Zaj\u00edmav\u011b tvarovan\u00fd odkl\u00e1dac\u00ed stolek z n\u00e1rodn\u00edho podniku Interi\u00e9r Praha v proveden\u00ed dub. Vhodn\u00fd zejm\u00e9na do chodby na odlo\u017een\u00ed kabelky ,<\/p>\n","protected":false},"featured_media":17266,"template":"","meta":[],"product_brand":[153],"product_cat":[91],"product_tag":[],"class_list":{"0":"post-17265","1":"product","2":"type-product","3":"status-publish","4":"has-post-thumbnail","6":"product_brand-eterle-cz","7":"product_cat-prodane","8":"product_shipping_class-nadrozmerne","10":"first","11":"outofstock","12":"purchasable","13":"product-type-simple"},"_links":{"self":[{"href":"https:\/\/eterle.cz\/eshop\/wp-json\/wp\/v2\/product\/17265","targetHints":{"allow":["GET"]}}],"collection":[{"href":"https:\/\/eterle.cz\/eshop\/wp-json\/wp\/v2\/product"}],"about":[{"href":"https:\/\/eterle.cz\/eshop\/wp-json\/wp\/v2\/types\/product"}],"version-history":[{"count":1,"href":"https:\/\/eterle.cz\/eshop\/wp-json\/wp\/v2\/product\/17265\/revisions"}],"predecessor-version":[{"id":17356,"href":"https:\/\/eterle.cz\/eshop\/wp-json\/wp\/v2\/product\/17265\/revisions\/17356"}],"wp:featuredmedia":[{"embeddable":true,"href":"https:\/\/eterle.cz\/eshop\/wp-json\/wp\/v2\/media\/17266"}],"wp:attachment":[{"href":"https:\/\/eterle.cz\/eshop\/wp-json\/wp\/v2\/media?parent=17265"}],"wp:term":[{"taxonomy":"product_brand","embeddable":true,"href":"https:\/\/eterle.cz\/eshop\/wp-json\/wp\/v2\/product_brand?post=17265"},{"taxonomy":"product_cat","embeddable":true,"href":"https:\/\/eterle.cz\/eshop\/wp-json\/wp\/v2\/product_cat?post=17265"},{"taxonomy":"product_tag","embeddable":true,"href":"https:\/\/eterle.cz\/eshop\/wp-json\/wp\/v2\/product_tag?post=17265"}],"curies":[{"name":"wp","href":"https:\/\/api.w.org\/{rel}","templated":true}]}}