{"id":17275,"date":"2023-12-09T01:30:57","date_gmt":"2023-12-09T00:30:57","guid":{"rendered":"https:\/\/eterle.cz\/eshop\/produkt\/konferencni-stolek-7\/"},"modified":"2025-02-16T02:49:11","modified_gmt":"2025-02-16T01:49:11","slug":"konferencni-stolek-7","status":"publish","type":"product","link":"https:\/\/eterle.cz\/eshop\/produkt\/konferencni-stolek-7\/","title":{"rendered":"Konferen\u010dn\u00ed stolek"},"content":{"rendered":"<p>N\u00edzk\u00fd konferen\u010dn\u00ed stolek v kombinaci chrom a kou\u0159ov\u00e9 sklo z konce minul\u00e9ho stolet\u00ed.<\/p>\n<p>Stav: p\u016fvodn\u00ed zachoval\u00fd<br \/>\nRozm\u011bry<br \/>\nV\u00fd\u0161ka: 38 cm<br \/>\nDeska: 54 x 34 cm<\/p>\n","protected":false},"excerpt":{"rendered":"<p>N\u00edzk\u00fd konferen\u010dn\u00ed stolek v kombinaci chrom a kou\u0159ov\u00e9 sklo z konce minul\u00e9ho stolet\u00ed. Stav: p\u016fvodn\u00ed zachoval\u00fd Rozm\u011bry V\u00fd\u0161ka: 38 cm<\/p>\n","protected":false},"featured_media":17276,"template":"","meta":[],"product_brand":[153],"product_cat":[91],"product_tag":[],"class_list":{"0":"post-17275","1":"product","2":"type-product","3":"status-publish","4":"has-post-thumbnail","6":"product_brand-eterle-cz","7":"product_cat-prodane","8":"product_shipping_class-nadrozmerne","10":"first","11":"outofstock","12":"purchasable","13":"product-type-simple"},"_links":{"self":[{"href":"https:\/\/eterle.cz\/eshop\/wp-json\/wp\/v2\/product\/17275","targetHints":{"allow":["GET"]}}],"collection":[{"href":"https:\/\/eterle.cz\/eshop\/wp-json\/wp\/v2\/product"}],"about":[{"href":"https:\/\/eterle.cz\/eshop\/wp-json\/wp\/v2\/types\/product"}],"version-history":[{"count":0,"href":"https:\/\/eterle.cz\/eshop\/wp-json\/wp\/v2\/product\/17275\/revisions"}],"wp:featuredmedia":[{"embeddable":true,"href":"https:\/\/eterle.cz\/eshop\/wp-json\/wp\/v2\/media\/17276"}],"wp:attachment":[{"href":"https:\/\/eterle.cz\/eshop\/wp-json\/wp\/v2\/media?parent=17275"}],"wp:term":[{"taxonomy":"product_brand","embeddable":true,"href":"https:\/\/eterle.cz\/eshop\/wp-json\/wp\/v2\/product_brand?post=17275"},{"taxonomy":"product_cat","embeddable":true,"href":"https:\/\/eterle.cz\/eshop\/wp-json\/wp\/v2\/product_cat?post=17275"},{"taxonomy":"product_tag","embeddable":true,"href":"https:\/\/eterle.cz\/eshop\/wp-json\/wp\/v2\/product_tag?post=17275"}],"curies":[{"name":"wp","href":"https:\/\/api.w.org\/{rel}","templated":true}]}}