{"id":17284,"date":"2023-12-09T01:31:29","date_gmt":"2023-12-09T00:31:29","guid":{"rendered":"https:\/\/eterle.cz\/eshop\/produkt\/kreslo-kozelka-a-kropacek-2\/"},"modified":"2025-02-16T02:49:11","modified_gmt":"2025-02-16T01:49:11","slug":"kreslo-kozelka-a-kropacek-2","status":"publish","type":"product","link":"https:\/\/eterle.cz\/eshop\/produkt\/kreslo-kozelka-a-kropacek-2\/","title":{"rendered":"K\u0159eslo Ko\u017eelka a Krop\u00e1\u010dek"},"content":{"rendered":"<p>K\u0159eslo z 50. let minul\u00e9ho stolet\u00ed dle n\u00e1vrhu Karla Ko\u017eelky a Anton\u00edna Krop\u00e1\u010dka pat\u0159\u00ed mezi sadu n\u00e1bytku, kter\u00e1 obdr\u017eela st\u0159\u00edbrnou medaili na mil\u00e1nsk\u00e9m Trienn\u00e1le v roce 1946, nejstar\u0161\u00ed a nejpresti\u017en\u011bj\u0161\u00ed mezin\u00e1rodn\u00ed p\u0159ehl\u00eddce designu a architektury.<\/p>\n<p>Stav: zachoval\u00fd p\u016fvodn\u00ed<br \/>\nRozm\u011bry<br \/>\nV\u00fd\u0161ka: 70 cm<br \/>\nV\u00fd\u0161ka sed\u00e1ku: 39 cm<br \/>\n\u0160\u00ed\u0159ka: 65 cm<br \/>\n\u0160\u00ed\u0159ka sed\u00e1ku: 52 cm<br \/>\nHloubka: 78 cm<\/p>\n","protected":false},"excerpt":{"rendered":"<p>K\u0159eslo z 50. let minul\u00e9ho stolet\u00ed dle n\u00e1vrhu Karla Ko\u017eelky a Anton\u00edna Krop\u00e1\u010dka pat\u0159\u00ed mezi sadu n\u00e1bytku, kter\u00e1 obdr\u017eela st\u0159\u00edbrnou<\/p>\n","protected":false},"featured_media":17285,"template":"","meta":[],"product_brand":[153],"product_cat":[91],"product_tag":[],"class_list":{"0":"post-17284","1":"product","2":"type-product","3":"status-publish","4":"has-post-thumbnail","6":"product_brand-eterle-cz","7":"product_cat-prodane","8":"product_shipping_class-nadrozmerne","10":"first","11":"outofstock","12":"purchasable","13":"product-type-simple"},"_links":{"self":[{"href":"https:\/\/eterle.cz\/eshop\/wp-json\/wp\/v2\/product\/17284","targetHints":{"allow":["GET"]}}],"collection":[{"href":"https:\/\/eterle.cz\/eshop\/wp-json\/wp\/v2\/product"}],"about":[{"href":"https:\/\/eterle.cz\/eshop\/wp-json\/wp\/v2\/types\/product"}],"version-history":[{"count":0,"href":"https:\/\/eterle.cz\/eshop\/wp-json\/wp\/v2\/product\/17284\/revisions"}],"wp:featuredmedia":[{"embeddable":true,"href":"https:\/\/eterle.cz\/eshop\/wp-json\/wp\/v2\/media\/17285"}],"wp:attachment":[{"href":"https:\/\/eterle.cz\/eshop\/wp-json\/wp\/v2\/media?parent=17284"}],"wp:term":[{"taxonomy":"product_brand","embeddable":true,"href":"https:\/\/eterle.cz\/eshop\/wp-json\/wp\/v2\/product_brand?post=17284"},{"taxonomy":"product_cat","embeddable":true,"href":"https:\/\/eterle.cz\/eshop\/wp-json\/wp\/v2\/product_cat?post=17284"},{"taxonomy":"product_tag","embeddable":true,"href":"https:\/\/eterle.cz\/eshop\/wp-json\/wp\/v2\/product_tag?post=17284"}],"curies":[{"name":"wp","href":"https:\/\/api.w.org\/{rel}","templated":true}]}}