{"id":17295,"date":"2023-12-09T01:32:00","date_gmt":"2023-12-09T00:32:00","guid":{"rendered":"https:\/\/eterle.cz\/eshop\/produkt\/kreslo-kozelka-a-kropacek-3\/"},"modified":"2025-06-24T01:54:41","modified_gmt":"2025-06-23T23:54:41","slug":"kreslo-kozelka-a-kropacek-3","status":"publish","type":"product","link":"https:\/\/eterle.cz\/eshop\/produkt\/kreslo-kozelka-a-kropacek-3\/","title":{"rendered":"K\u0159eslo Ko\u017eelka a Krop\u00e1\u010dek"},"content":{"rendered":"<p>Kr\u00e1sn\u00e9 retro k\u0159eslo vyrobeno v 50. letech minul\u00e9ho stolet\u00ed ve fabrice n\u00e1rodn\u00edho podniku Interi\u00e9r Praha dle n\u00e1vrhu Karla Ko\u017eelky a Anton\u00edna Krop\u00e1\u010dka. K\u0159eslo je po kompletn\u00ed renovaci a je velmi pohodln\u00e9.<\/p>\n<p>Stav: po kompletn\u00ed renovaci<br \/>\nRozm\u011bry<br \/>\nV\u00fd\u0161ka: 80 cm<br \/>\nV\u00fd\u0161ka sed\u00e1ku: 42 cm<br \/>\n\u0160\u00ed\u0159ka: 67 cm<br \/>\n\u0160\u00ed\u0159ka sed\u00e1ku: 54 cm<br \/>\nHloubka: 75 cm<\/p>\n","protected":false},"excerpt":{"rendered":"<p>Kr\u00e1sn\u00e9 retro k\u0159eslo vyrobeno v 50. letech minul\u00e9ho stolet\u00ed ve fabrice n\u00e1rodn\u00edho podniku Interi\u00e9r Praha dle n\u00e1vrhu Karla Ko\u017eelky a<\/p>\n","protected":false},"featured_media":17296,"template":"","meta":[],"product_brand":[153],"product_cat":[130,122],"product_tag":[],"class_list":{"0":"post-17295","1":"product","2":"type-product","3":"status-publish","4":"has-post-thumbnail","6":"product_brand-eterle-cz","7":"product_cat-nabytek","8":"product_cat-kresla-a-taburety","9":"product_shipping_class-nadrozmerne","11":"first","12":"instock","13":"purchasable","14":"product-type-simple"},"_links":{"self":[{"href":"https:\/\/eterle.cz\/eshop\/wp-json\/wp\/v2\/product\/17295","targetHints":{"allow":["GET"]}}],"collection":[{"href":"https:\/\/eterle.cz\/eshop\/wp-json\/wp\/v2\/product"}],"about":[{"href":"https:\/\/eterle.cz\/eshop\/wp-json\/wp\/v2\/types\/product"}],"version-history":[{"count":1,"href":"https:\/\/eterle.cz\/eshop\/wp-json\/wp\/v2\/product\/17295\/revisions"}],"predecessor-version":[{"id":26409,"href":"https:\/\/eterle.cz\/eshop\/wp-json\/wp\/v2\/product\/17295\/revisions\/26409"}],"wp:featuredmedia":[{"embeddable":true,"href":"https:\/\/eterle.cz\/eshop\/wp-json\/wp\/v2\/media\/17296"}],"wp:attachment":[{"href":"https:\/\/eterle.cz\/eshop\/wp-json\/wp\/v2\/media?parent=17295"}],"wp:term":[{"taxonomy":"product_brand","embeddable":true,"href":"https:\/\/eterle.cz\/eshop\/wp-json\/wp\/v2\/product_brand?post=17295"},{"taxonomy":"product_cat","embeddable":true,"href":"https:\/\/eterle.cz\/eshop\/wp-json\/wp\/v2\/product_cat?post=17295"},{"taxonomy":"product_tag","embeddable":true,"href":"https:\/\/eterle.cz\/eshop\/wp-json\/wp\/v2\/product_tag?post=17295"}],"curies":[{"name":"wp","href":"https:\/\/api.w.org\/{rel}","templated":true}]}}