{"id":17312,"date":"2023-12-09T01:32:56","date_gmt":"2023-12-09T00:32:56","guid":{"rendered":"https:\/\/eterle.cz\/eshop\/produkt\/kvetinovy-stolek-ton\/"},"modified":"2025-02-16T02:49:10","modified_gmt":"2025-02-16T01:49:10","slug":"kvetinovy-stolek-ton","status":"publish","type":"product","link":"https:\/\/eterle.cz\/eshop\/produkt\/kvetinovy-stolek-ton\/","title":{"rendered":"Kv\u011btinov\u00fd stolek \/ Ton"},"content":{"rendered":"<p>Art deco stolek na kv\u011btiny od zna\u010dky Ton v p\u016fvodn\u00ed barevn\u00e9 kombinaci.<\/p>\n<p>Stav: p\u016fvodn\u00ed; lak se loupe a zezspodu jsou stopy po ji\u017e neaktivn\u00edm \u010dervoto\u010di<br \/>\nRozm\u011bry<br \/>\nV\u00fd\u0161ka: 87 cm (nejvy\u0161\u0161\u00ed bod)<br \/>\n\u0160\u00ed\u0159ka: 95 cm (nej\u0161ir\u0161\u00ed \u010d\u00e1st)<br \/>\nHloubka: 25 cm<br \/>\nPr\u016fmer na kv\u011btin\u00e1\u010de: 19 cm<br \/>\n\u0160\u00ed\u0159ka poli\u010dky: 15 cm<\/p>\n","protected":false},"excerpt":{"rendered":"<p>Art deco stolek na kv\u011btiny od zna\u010dky Ton v p\u016fvodn\u00ed barevn\u00e9 kombinaci. Stav: p\u016fvodn\u00ed; lak se loupe a zezspodu jsou<\/p>\n","protected":false},"featured_media":17313,"template":"","meta":[],"product_brand":[153],"product_cat":[91],"product_tag":[],"class_list":{"0":"post-17312","1":"product","2":"type-product","3":"status-publish","4":"has-post-thumbnail","6":"product_brand-eterle-cz","7":"product_cat-prodane","8":"product_shipping_class-nadrozmerne","10":"first","11":"outofstock","12":"purchasable","13":"product-type-simple"},"_links":{"self":[{"href":"https:\/\/eterle.cz\/eshop\/wp-json\/wp\/v2\/product\/17312","targetHints":{"allow":["GET"]}}],"collection":[{"href":"https:\/\/eterle.cz\/eshop\/wp-json\/wp\/v2\/product"}],"about":[{"href":"https:\/\/eterle.cz\/eshop\/wp-json\/wp\/v2\/types\/product"}],"version-history":[{"count":0,"href":"https:\/\/eterle.cz\/eshop\/wp-json\/wp\/v2\/product\/17312\/revisions"}],"wp:featuredmedia":[{"embeddable":true,"href":"https:\/\/eterle.cz\/eshop\/wp-json\/wp\/v2\/media\/17313"}],"wp:attachment":[{"href":"https:\/\/eterle.cz\/eshop\/wp-json\/wp\/v2\/media?parent=17312"}],"wp:term":[{"taxonomy":"product_brand","embeddable":true,"href":"https:\/\/eterle.cz\/eshop\/wp-json\/wp\/v2\/product_brand?post=17312"},{"taxonomy":"product_cat","embeddable":true,"href":"https:\/\/eterle.cz\/eshop\/wp-json\/wp\/v2\/product_cat?post=17312"},{"taxonomy":"product_tag","embeddable":true,"href":"https:\/\/eterle.cz\/eshop\/wp-json\/wp\/v2\/product_tag?post=17312"}],"curies":[{"name":"wp","href":"https:\/\/api.w.org\/{rel}","templated":true}]}}