{"id":17422,"date":"2023-12-19T22:37:40","date_gmt":"2023-12-19T21:37:40","guid":{"rendered":"https:\/\/eterle.cz\/eshop\/produkt\/svicen-thun\/"},"modified":"2026-03-30T16:30:22","modified_gmt":"2026-03-30T14:30:22","slug":"svicen-thun","status":"publish","type":"product","link":"https:\/\/eterle.cz\/eshop\/produkt\/svicen-thun\/","title":{"rendered":"Sv\u00edcen \/ Thun"},"content":{"rendered":"<p>Zaj\u00edmav\u011b tvarovan\u00fd sv\u00edcen od \u010desk\u00e9 porcel\u00e1nky Thun (nezna\u010den\u00fd) na jednu vy\u0161\u0161\u00ed sv\u00ed\u010dku.<\/p>\n<p>Stav: nov\u00e9<br \/>\nZna\u010dka: Thun (nezna\u010den\u00e9)<br \/>\nRozm\u011br<br \/>\nV\u00fd\u0161ka: 15,5 cm<br \/>\nPr\u016fm\u011br na sv\u00ed\u010dku: 3 cm (dolu se zu\u017euje)<\/p>\n","protected":false},"excerpt":{"rendered":"<p>Zaj\u00edmav\u011b tvarovan\u00fd sv\u00edcen od \u010desk\u00e9 porcel\u00e1nky Thun (nezna\u010den\u00fd) na jednu vy\u0161\u0161\u00ed sv\u00ed\u010dku. Stav: nov\u00e9 Zna\u010dka: Thun (nezna\u010den\u00e9) Rozm\u011br V\u00fd\u0161ka: 15,5<\/p>\n","protected":false},"featured_media":17423,"template":"","meta":[],"product_brand":[153],"product_cat":[80,135],"product_tag":[],"class_list":{"0":"post-17422","1":"product","2":"type-product","3":"status-publish","4":"has-post-thumbnail","6":"product_brand-eterle-cz","7":"product_cat-dekorace","8":"product_cat-svicny","10":"first","11":"instock","12":"purchasable","13":"product-type-simple"},"_links":{"self":[{"href":"https:\/\/eterle.cz\/eshop\/wp-json\/wp\/v2\/product\/17422","targetHints":{"allow":["GET"]}}],"collection":[{"href":"https:\/\/eterle.cz\/eshop\/wp-json\/wp\/v2\/product"}],"about":[{"href":"https:\/\/eterle.cz\/eshop\/wp-json\/wp\/v2\/types\/product"}],"version-history":[{"count":1,"href":"https:\/\/eterle.cz\/eshop\/wp-json\/wp\/v2\/product\/17422\/revisions"}],"predecessor-version":[{"id":26407,"href":"https:\/\/eterle.cz\/eshop\/wp-json\/wp\/v2\/product\/17422\/revisions\/26407"}],"wp:featuredmedia":[{"embeddable":true,"href":"https:\/\/eterle.cz\/eshop\/wp-json\/wp\/v2\/media\/17423"}],"wp:attachment":[{"href":"https:\/\/eterle.cz\/eshop\/wp-json\/wp\/v2\/media?parent=17422"}],"wp:term":[{"taxonomy":"product_brand","embeddable":true,"href":"https:\/\/eterle.cz\/eshop\/wp-json\/wp\/v2\/product_brand?post=17422"},{"taxonomy":"product_cat","embeddable":true,"href":"https:\/\/eterle.cz\/eshop\/wp-json\/wp\/v2\/product_cat?post=17422"},{"taxonomy":"product_tag","embeddable":true,"href":"https:\/\/eterle.cz\/eshop\/wp-json\/wp\/v2\/product_tag?post=17422"}],"curies":[{"name":"wp","href":"https:\/\/api.w.org\/{rel}","templated":true}]}}