{"id":17437,"date":"2023-12-19T22:38:36","date_gmt":"2023-12-19T21:38:36","guid":{"rendered":"https:\/\/eterle.cz\/eshop\/produkt\/soska-sedici-damy-dux-3\/"},"modified":"2025-08-23T10:00:40","modified_gmt":"2025-08-23T08:00:40","slug":"soska-sedici-damy-dux-3","status":"publish","type":"product","link":"https:\/\/eterle.cz\/eshop\/produkt\/soska-sedici-damy-dux-3\/","title":{"rendered":"So\u0161ka sed\u00edc\u00ed d\u00e1my \/ Dux"},"content":{"rendered":"<p>So\u0161ka d\u00edvky s cul\u00edkem podle n\u00e1vrhu Ji\u0159\u00edho \u010cernocha pro porcel\u00e1nku Royal Dux, pro kterou pracoval v 50. letech minul\u00e9ho stolet\u00ed extern\u011b a od roku 1968 byl zam\u011bstn\u00e1n jako n\u00e1vrh\u00e1\u0159. Navrhoval p\u0159edev\u0161\u00edm figury zv\u00ed\u0159at, kdy vych\u00e1zel z p\u0159\u00edrody. Krom\u011b zv\u00ed\u0159ec\u00edch motiv\u016f navrhoval tak\u00e9 \u017eensk\u00e9 figury a sportovce \u2013 u t\u011bch bylo pro autora d\u016fle\u017eit\u00e9 zachytit v\u011brn\u011b pohyb.<\/p>\n<p>Stav: nov\u00fd<br \/>\nZna\u010dka: Dux, Ji\u0159\u00ed \u010cernoch<br \/>\nRozm\u011br<br \/>\nV\u00fd\u0161ka: 23  cm<br \/>\n\u0160\u00ed\u0159ka: 14 cm<br \/>\nHloubka: 13 cm<\/p>\n","protected":false},"excerpt":{"rendered":"<p>So\u0161ka d\u00edvky s cul\u00edkem podle n\u00e1vrhu Ji\u0159\u00edho \u010cernocha pro porcel\u00e1nku Royal Dux, pro kterou pracoval v 50. letech minul\u00e9ho stolet\u00ed<\/p>\n","protected":false},"featured_media":17438,"template":"","meta":[],"product_brand":[153],"product_cat":[91],"product_tag":[],"class_list":{"0":"post-17437","1":"product","2":"type-product","3":"status-publish","4":"has-post-thumbnail","6":"product_brand-eterle-cz","7":"product_cat-prodane","9":"first","10":"outofstock","11":"purchasable","12":"product-type-simple"},"_links":{"self":[{"href":"https:\/\/eterle.cz\/eshop\/wp-json\/wp\/v2\/product\/17437","targetHints":{"allow":["GET"]}}],"collection":[{"href":"https:\/\/eterle.cz\/eshop\/wp-json\/wp\/v2\/product"}],"about":[{"href":"https:\/\/eterle.cz\/eshop\/wp-json\/wp\/v2\/types\/product"}],"version-history":[{"count":1,"href":"https:\/\/eterle.cz\/eshop\/wp-json\/wp\/v2\/product\/17437\/revisions"}],"predecessor-version":[{"id":26405,"href":"https:\/\/eterle.cz\/eshop\/wp-json\/wp\/v2\/product\/17437\/revisions\/26405"}],"wp:featuredmedia":[{"embeddable":true,"href":"https:\/\/eterle.cz\/eshop\/wp-json\/wp\/v2\/media\/17438"}],"wp:attachment":[{"href":"https:\/\/eterle.cz\/eshop\/wp-json\/wp\/v2\/media?parent=17437"}],"wp:term":[{"taxonomy":"product_brand","embeddable":true,"href":"https:\/\/eterle.cz\/eshop\/wp-json\/wp\/v2\/product_brand?post=17437"},{"taxonomy":"product_cat","embeddable":true,"href":"https:\/\/eterle.cz\/eshop\/wp-json\/wp\/v2\/product_cat?post=17437"},{"taxonomy":"product_tag","embeddable":true,"href":"https:\/\/eterle.cz\/eshop\/wp-json\/wp\/v2\/product_tag?post=17437"}],"curies":[{"name":"wp","href":"https:\/\/api.w.org\/{rel}","templated":true}]}}