{"id":18414,"date":"2024-02-08T19:15:23","date_gmt":"2024-02-08T18:15:23","guid":{"rendered":"https:\/\/eterle.cz\/eshop\/produkt\/sada-mis-rosenthal\/"},"modified":"2025-06-24T01:54:40","modified_gmt":"2025-06-23T23:54:40","slug":"sada-mis-rosenthal","status":"publish","type":"product","link":"https:\/\/eterle.cz\/eshop\/produkt\/sada-mis-rosenthal\/","title":{"rendered":"Sada m\u00eds \/ Rosenthal"},"content":{"rendered":"<p>Sada porcel\u00e1nov\u00fdch m\u00eds od n\u011bmeck\u00e9 porcel\u00e1nky Rosenthal z kolekce Flash od americk\u00e9 n\u00e1vrh\u00e1\u0159ky Dorothy Hafner. Kolekce Flash byla p\u0159edstavena v roce 1984 a rychle z\u00edskala kritick\u00fd i komer\u010dn\u00ed \u00fasp\u011bch po cel\u00e9m sv\u011bt\u011b. Dorothy Hafner se vyu\u010dila mal\u00ed\u0159kou a socha\u0159kou a poprv\u00e9 si vyzkou\u0161ela pr\u00e1ci s keramikou v roce 1973. V n\u00e1sleduj\u00edc\u00edch 15 letech vytvo\u0159ila v\u00edce ne\u017e 12 \u0159ad stoln\u00edho n\u00e1dob\u00ed pro firmy jako Tiffany &#038; Co. v NYC a Rosenthal v N\u011bmecku. Hafner za\u010dala svou kari\u00e9ru jako kerami\u010dka, ale v roce 1997 se zam\u011b\u0159ila v\u00fdhradn\u011b na skl\u00e1\u0159sk\u00e9 v\u00fdrobky. Jej\u00ed pr\u00e1ce z\u00edskala \u0159adu vyznamen\u00e1n\u00ed a ocen\u011bn\u00ed. <\/p>\n<p>Sada obsahuje: velkou sal\u00e1tovou m\u00edsu, om\u00e1\u010dn\u00edk s podt\u00e1ckem, serv\u00edrovac\u00ed m\u00edsu<\/p>\n<p>Stav: perfektn\u00ed<br \/>\nZna\u010dka: Rosenthal<br \/>\nRozm\u011br<br \/>\nV\u00fd\u0161ka sal\u00e1tov\u00e9 m\u00edsy: 12 cm<br \/>\nPr\u016fm\u011br sal\u00e1tov\u00e9 m\u00edsy: 32 cm<br \/>\nRozm\u011br serv\u00edrovac\u00ed m\u00edsy: 42 x 27 cm<br \/>\nObjem om\u00e1\u010dn\u00edku: 350 ml<\/p>\n","protected":false},"excerpt":{"rendered":"<p>Sada porcel\u00e1nov\u00fdch m\u00eds od n\u011bmeck\u00e9 porcel\u00e1nky Rosenthal z kolekce Flash od americk\u00e9 n\u00e1vrh\u00e1\u0159ky Dorothy Hafner. Kolekce Flash byla p\u0159edstavena v<\/p>\n","protected":false},"featured_media":17867,"template":"","meta":[],"product_brand":[153],"product_cat":[76,110,101],"product_tag":[],"class_list":{"0":"post-18414","1":"product","2":"type-product","3":"status-publish","4":"has-post-thumbnail","6":"product_brand-eterle-cz","7":"product_cat-porcelan","8":"product_cat-misy","9":"product_cat-rosenthal","11":"first","12":"instock","13":"purchasable","14":"product-type-simple"},"_links":{"self":[{"href":"https:\/\/eterle.cz\/eshop\/wp-json\/wp\/v2\/product\/18414","targetHints":{"allow":["GET"]}}],"collection":[{"href":"https:\/\/eterle.cz\/eshop\/wp-json\/wp\/v2\/product"}],"about":[{"href":"https:\/\/eterle.cz\/eshop\/wp-json\/wp\/v2\/types\/product"}],"version-history":[{"count":1,"href":"https:\/\/eterle.cz\/eshop\/wp-json\/wp\/v2\/product\/18414\/revisions"}],"predecessor-version":[{"id":26404,"href":"https:\/\/eterle.cz\/eshop\/wp-json\/wp\/v2\/product\/18414\/revisions\/26404"}],"wp:featuredmedia":[{"embeddable":true,"href":"https:\/\/eterle.cz\/eshop\/wp-json\/wp\/v2\/media\/17867"}],"wp:attachment":[{"href":"https:\/\/eterle.cz\/eshop\/wp-json\/wp\/v2\/media?parent=18414"}],"wp:term":[{"taxonomy":"product_brand","embeddable":true,"href":"https:\/\/eterle.cz\/eshop\/wp-json\/wp\/v2\/product_brand?post=18414"},{"taxonomy":"product_cat","embeddable":true,"href":"https:\/\/eterle.cz\/eshop\/wp-json\/wp\/v2\/product_cat?post=18414"},{"taxonomy":"product_tag","embeddable":true,"href":"https:\/\/eterle.cz\/eshop\/wp-json\/wp\/v2\/product_tag?post=18414"}],"curies":[{"name":"wp","href":"https:\/\/api.w.org\/{rel}","templated":true}]}}