{"id":18415,"date":"2024-02-08T19:15:29","date_gmt":"2024-02-08T18:15:29","guid":{"rendered":"https:\/\/eterle.cz\/eshop\/produkt\/sada-mis-s-motyly-moritz-zdekauer\/"},"modified":"2025-06-24T01:54:40","modified_gmt":"2025-06-23T23:54:40","slug":"sada-mis-s-motyly-moritz-zdekauer","status":"publish","type":"product","link":"https:\/\/eterle.cz\/eshop\/produkt\/sada-mis-s-motyly-moritz-zdekauer\/","title":{"rendered":"Sada m\u00eds s mot\u00fdly \/ Moritz Zdekauer"},"content":{"rendered":"<p>Porcel\u00e1nov\u00e1 sada m\u00eds a serv\u00edrovac\u00edch tal\u00ed\u0159\u016f z porcel\u00e1nky Moritz Zdekauer, kter\u00e1 se nach\u00e1zela ve Star\u00e9 Roli. Tento podnik zanikl v roce 2018, proto se s nov\u00fdmi produkty t\u00e9to zna\u010dky ji\u017e nesetk\u00e1te. M\u00edsy jsou bohat\u011b zlaceny s detailn\u011b propracovan\u00fdm obr\u00e1zkem mot\u00fdla. <\/p>\n<p>Sada obsahuje: 4 m\u00edsy r\u016fzn\u00fdch veliksot\u00ed, velk\u00fd a men\u0161\u00ed serv\u00edrovac\u00ed tal\u00ed\u0159<\/p>\n<p>Stav: perfektn\u00ed<br \/>\nZna\u010dka: Moritz Zdekauer<br \/>\nRozm\u011br<br \/>\nPr\u016fm\u011br velk\u00e9 m\u00edsy: 26 cm<br \/>\nPr\u016fm\u011br st\u0159edn m\u00edsy: 23,5 cm<br \/>\nPr\u016fm\u011br men\u0161\u00ed m\u00edsy: 19 cm<br \/>\nPr\u016fm\u011br mal\u00e9 misky: 15,5 cm<br \/>\nPr\u016fm\u011br serv\u00edrovac\u00edho tal\u00ed\u0159e: 30,5 cm<br \/>\nPr\u016fm\u011br tal\u00ed\u0159e: 25 cm<\/p>\n","protected":false},"excerpt":{"rendered":"<p>Porcel\u00e1nov\u00e1 sada m\u00eds a serv\u00edrovac\u00edch tal\u00ed\u0159\u016f z porcel\u00e1nky Moritz Zdekauer, kter\u00e1 se nach\u00e1zela ve Star\u00e9 Roli. Tento podnik zanikl v<\/p>\n","protected":false},"featured_media":17879,"template":"","meta":[],"product_brand":[153],"product_cat":[76,110],"product_tag":[],"class_list":{"0":"post-18415","1":"product","2":"type-product","3":"status-publish","4":"has-post-thumbnail","6":"product_brand-eterle-cz","7":"product_cat-porcelan","8":"product_cat-misy","10":"first","11":"instock","12":"purchasable","13":"product-type-simple"},"_links":{"self":[{"href":"https:\/\/eterle.cz\/eshop\/wp-json\/wp\/v2\/product\/18415","targetHints":{"allow":["GET"]}}],"collection":[{"href":"https:\/\/eterle.cz\/eshop\/wp-json\/wp\/v2\/product"}],"about":[{"href":"https:\/\/eterle.cz\/eshop\/wp-json\/wp\/v2\/types\/product"}],"version-history":[{"count":1,"href":"https:\/\/eterle.cz\/eshop\/wp-json\/wp\/v2\/product\/18415\/revisions"}],"predecessor-version":[{"id":26403,"href":"https:\/\/eterle.cz\/eshop\/wp-json\/wp\/v2\/product\/18415\/revisions\/26403"}],"wp:featuredmedia":[{"embeddable":true,"href":"https:\/\/eterle.cz\/eshop\/wp-json\/wp\/v2\/media\/17879"}],"wp:attachment":[{"href":"https:\/\/eterle.cz\/eshop\/wp-json\/wp\/v2\/media?parent=18415"}],"wp:term":[{"taxonomy":"product_brand","embeddable":true,"href":"https:\/\/eterle.cz\/eshop\/wp-json\/wp\/v2\/product_brand?post=18415"},{"taxonomy":"product_cat","embeddable":true,"href":"https:\/\/eterle.cz\/eshop\/wp-json\/wp\/v2\/product_cat?post=18415"},{"taxonomy":"product_tag","embeddable":true,"href":"https:\/\/eterle.cz\/eshop\/wp-json\/wp\/v2\/product_tag?post=18415"}],"curies":[{"name":"wp","href":"https:\/\/api.w.org\/{rel}","templated":true}]}}