{"id":18417,"date":"2024-02-08T19:15:42","date_gmt":"2024-02-08T18:15:42","guid":{"rendered":"https:\/\/eterle.cz\/eshop\/produkt\/porcelanova-sada-jidelni-a-cajova-haas-a-czjzek\/"},"modified":"2025-02-16T02:49:05","modified_gmt":"2025-02-16T01:49:05","slug":"porcelanova-sada-jidelni-a-cajova-haas-a-czjzek","status":"publish","type":"product","link":"https:\/\/eterle.cz\/eshop\/produkt\/porcelanova-sada-jidelni-a-cajova-haas-a-czjzek\/","title":{"rendered":"Porcel\u00e1nov\u00e1 sada j\u00eddeln\u00ed a \u010dajov\u00e1 \/ Haas a Czjzek"},"content":{"rendered":"<p>N\u00e1dhern\u00e1 j\u00eddeln\u00ed a \u010dajov\u00e1 souprava od nejstar\u0161\u00ed porcel\u00e1nky v \u010cech\u00e1ch &#8211; Haas a Czjzek poch\u00e1z\u00ed dle zna\u010den\u00ed z let 1918-39. Sada m\u00e1 kr\u00e1sn\u00fd plastick\u00fd dekor s decentn\u00ed modrou linkou. Porcel\u00e1n je z tenk\u00e9ho st\u0159epu. Hod\u00ed se jak na ka\u017edodenn\u00ed stolov\u00e1n\u00ed, kter\u00e9 pozvedne na sv\u00e1te\u010dn\u00ed \u00farove\u0148, tak na<br \/>\nspeci\u00e1ln\u00ed p\u0159\u00edle\u017eitosti.<\/p>\n<p>Sada obsahuje: pol\u00e9vkovou m\u00edsu, sal\u00e1tovou m\u00edsu, om\u00e1\u010dn\u00edk, 4 j\u00eddeln\u00ed tal\u00ed\u0159e, 4 hlubok\u00e9 tal\u00ed\u0159e, 4 dezertn\u00ed tal\u00ed\u0159e, 4 \u0161ap\u00f3, cuk\u0159enku, ml\u00e9kovku, konvi\u010dku<\/p>\n<p>Stav: dobr\u00fd, pouze \u010dajov\u00e1 konvice m\u00e1 trochu \u0161t\u00edplou hubi\u010dku (viz foto) a dva hrne\u010dky maj\u00ed nepatrn\u00fd o\u0165uk na horn\u00edm lemu (cca 1mm)<br \/>\nZna\u010dka: Haas a Czjzek<br \/>\nRozm\u011br<br \/>\nObjem pol\u00e9vkov\u00e9 m\u00edsy: 2,5 l<br \/>\nPr\u016fm\u011br sal\u00e1tov\u00e9 m\u00edsy: 24 cm<br \/>\nPr\u016fm\u011br hlubok\u00e9ho tal\u00ed\u0159e: 24 cm<br \/>\nPr\u016fm\u011br j\u00eddeln\u00edho tal\u00ed\u0159e: 24 cm<br \/>\nPr\u016fm\u011br dezertn\u00edho tal\u00ed\u0159e: 19 cm<br \/>\nPr\u016fm\u011br pod\u0161\u00e1lku: 15 cm<br \/>\nObjem \u010dajov\u00e9 konvice: 1,1 l<br \/>\nObjem hrne\u010dku: 170 ml<br \/>\nObjem ml\u00e9kovky: 500 ml<br \/>\nV\u00fd\u0161ka cuk\u0159enky: 11 cm<br \/>\nObjem om\u00e1\u010dn\u00edku: 250 ml<\/p>\n","protected":false},"excerpt":{"rendered":"<p>N\u00e1dhern\u00e1 j\u00eddeln\u00ed a \u010dajov\u00e1 souprava od nejstar\u0161\u00ed porcel\u00e1nky v \u010cech\u00e1ch &#8211; Haas a Czjzek poch\u00e1z\u00ed dle zna\u010den\u00ed z let 1918-39.<\/p>\n","protected":false},"featured_media":17903,"template":"","meta":[],"product_brand":[153],"product_cat":[91],"product_tag":[],"class_list":{"0":"post-18417","1":"product","2":"type-product","3":"status-publish","4":"has-post-thumbnail","6":"product_brand-eterle-cz","7":"product_cat-prodane","8":"product_shipping_class-nadrozmerne","10":"first","11":"outofstock","12":"purchasable","13":"product-type-simple"},"_links":{"self":[{"href":"https:\/\/eterle.cz\/eshop\/wp-json\/wp\/v2\/product\/18417","targetHints":{"allow":["GET"]}}],"collection":[{"href":"https:\/\/eterle.cz\/eshop\/wp-json\/wp\/v2\/product"}],"about":[{"href":"https:\/\/eterle.cz\/eshop\/wp-json\/wp\/v2\/types\/product"}],"version-history":[{"count":0,"href":"https:\/\/eterle.cz\/eshop\/wp-json\/wp\/v2\/product\/18417\/revisions"}],"wp:featuredmedia":[{"embeddable":true,"href":"https:\/\/eterle.cz\/eshop\/wp-json\/wp\/v2\/media\/17903"}],"wp:attachment":[{"href":"https:\/\/eterle.cz\/eshop\/wp-json\/wp\/v2\/media?parent=18417"}],"wp:term":[{"taxonomy":"product_brand","embeddable":true,"href":"https:\/\/eterle.cz\/eshop\/wp-json\/wp\/v2\/product_brand?post=18417"},{"taxonomy":"product_cat","embeddable":true,"href":"https:\/\/eterle.cz\/eshop\/wp-json\/wp\/v2\/product_cat?post=18417"},{"taxonomy":"product_tag","embeddable":true,"href":"https:\/\/eterle.cz\/eshop\/wp-json\/wp\/v2\/product_tag?post=18417"}],"curies":[{"name":"wp","href":"https:\/\/api.w.org\/{rel}","templated":true}]}}