{"id":18419,"date":"2024-02-08T19:15:55","date_gmt":"2024-02-08T18:15:55","guid":{"rendered":"https:\/\/eterle.cz\/eshop\/produkt\/cajova-sada-pro-6-weisswasser\/"},"modified":"2025-02-16T02:49:04","modified_gmt":"2025-02-16T01:49:04","slug":"cajova-sada-pro-6-weisswasser","status":"publish","type":"product","link":"https:\/\/eterle.cz\/eshop\/produkt\/cajova-sada-pro-6-weisswasser\/","title":{"rendered":"\u010cajov\u00e1 sada pro 6 \/ Weisswasser"},"content":{"rendered":"<p>\u010cajov\u00e1 sada pro \u0161est osob od n\u011bmeck\u00e9 porcel\u00e1nky Weisswasser, kter\u00e1 byla pravd\u011bpodobn\u011b pouze vystavena, ale byla by \u0161koda ji nepou\u017e\u00edvat. Porcel\u00e1n je z tenk\u00e9ho st\u0159epu. Hrne\u010dky jsou zdobeny zvenku i uvnit\u0159 a p\u0159esto nep\u016fsob\u00ed p\u0159epl\u00e1cen\u00fdm dojemem, ale velmi minimalisticky a n\u011b\u017en\u011b. Vzor p\u0159ipom\u00edna odkvetlou pampeli\u0161ku. <\/p>\n<p>Sada obsahuje: \u010dajovou konvici, ml\u00e9kovku, cuk\u0159enku, 6 sn\u00edda\u0148ov\u00fdch sad<\/p>\n<p>Stav: velmi dobr\u00fd, z\u0159ejm\u011b pouze vystaveno<br \/>\nZna\u010dka: Weiswasser<br \/>\nRozm\u011br<br \/>\nObjem konvice: 1,5 l<br \/>\nObjem ml\u00e9koviky: 200 ml<br \/>\nObjem hrnku: 180 ml<br \/>\nPr\u016fm\u011br pod\u0161\u00e1lku: 15 cm<br \/>\nPr\u016fm\u011br dezertn\u00edho tal\u00ed\u0159e: 20 cm<br \/>\nV\u00fd\u0161ka cuk\u0159enky: 7 cm<\/p>\n","protected":false},"excerpt":{"rendered":"<p>\u010cajov\u00e1 sada pro \u0161est osob od n\u011bmeck\u00e9 porcel\u00e1nky Weisswasser, kter\u00e1 byla pravd\u011bpodobn\u011b pouze vystavena, ale byla by \u0161koda ji nepou\u017e\u00edvat.<\/p>\n","protected":false},"featured_media":17933,"template":"","meta":[],"product_brand":[153],"product_cat":[91],"product_tag":[],"class_list":{"0":"post-18419","1":"product","2":"type-product","3":"status-publish","4":"has-post-thumbnail","6":"product_brand-eterle-cz","7":"product_cat-prodane","9":"first","10":"outofstock","11":"purchasable","12":"product-type-simple"},"_links":{"self":[{"href":"https:\/\/eterle.cz\/eshop\/wp-json\/wp\/v2\/product\/18419","targetHints":{"allow":["GET"]}}],"collection":[{"href":"https:\/\/eterle.cz\/eshop\/wp-json\/wp\/v2\/product"}],"about":[{"href":"https:\/\/eterle.cz\/eshop\/wp-json\/wp\/v2\/types\/product"}],"version-history":[{"count":0,"href":"https:\/\/eterle.cz\/eshop\/wp-json\/wp\/v2\/product\/18419\/revisions"}],"wp:featuredmedia":[{"embeddable":true,"href":"https:\/\/eterle.cz\/eshop\/wp-json\/wp\/v2\/media\/17933"}],"wp:attachment":[{"href":"https:\/\/eterle.cz\/eshop\/wp-json\/wp\/v2\/media?parent=18419"}],"wp:term":[{"taxonomy":"product_brand","embeddable":true,"href":"https:\/\/eterle.cz\/eshop\/wp-json\/wp\/v2\/product_brand?post=18419"},{"taxonomy":"product_cat","embeddable":true,"href":"https:\/\/eterle.cz\/eshop\/wp-json\/wp\/v2\/product_cat?post=18419"},{"taxonomy":"product_tag","embeddable":true,"href":"https:\/\/eterle.cz\/eshop\/wp-json\/wp\/v2\/product_tag?post=18419"}],"curies":[{"name":"wp","href":"https:\/\/api.w.org\/{rel}","templated":true}]}}