{"id":18420,"date":"2024-02-08T19:16:00","date_gmt":"2024-02-08T18:16:00","guid":{"rendered":"https:\/\/eterle.cz\/eshop\/produkt\/jidelni-sada-pro-6-thomas\/"},"modified":"2025-06-24T01:54:40","modified_gmt":"2025-06-23T23:54:40","slug":"jidelni-sada-pro-6-thomas","status":"publish","type":"product","link":"https:\/\/eterle.cz\/eshop\/produkt\/jidelni-sada-pro-6-thomas\/","title":{"rendered":"J\u00eddeln\u00ed sada pro 6 \/ Thomas"},"content":{"rendered":"<p>J\u00eddeln\u00ed sada od n\u011bmeck\u00e9 porcel\u00e1nky Thomas spadaj\u00edc\u00ed do skupiny Rosenthal. Jak u\u017e u t\u00e9to zna\u010dky b\u00fdv\u00e1 porcel\u00e1n p\u016fsob\u00ed modern\u00edm a minimalistick\u00fdm dojmem. Kombinace zelen\u00e9 a tmav\u011bmodr\u00e9 barvy je v\u017edy velmi efektn\u00ed. I zde vzor p\u0159ipom\u00ednaj\u00edc\u00ed vesm\u00edrny t\u0159esk v t\u011bchto barv\u00e1ch velmi zaujme. <\/p>\n<p>Sada obsahuje: pol\u00e9vkovou m\u00edsu, 6 j\u00eddeln\u00edch tal\u00ed\u0159\u016f, 6 hlubok\u00fdch tal\u00ed\u0159\u016f a 6 dezertn\u00edch tal\u00ed\u0159\u016f<\/p>\n<p>Stav: velmi dobr\u00fd<br \/>\nZna\u010dka: Thomas<br \/>\nRozm\u011br<br \/>\nObjem pol\u00e9vkov\u00e9 m\u00edsy: 1,2 l<br \/>\nP\u016fm\u011br j\u00eddeln\u00edho tal\u00ed\u0159e: 24 cm<br \/>\nPr\u016fm\u011br hlubok\u00e9ho tal\u00ed\u0159e: 22 cm<br \/>\nPr\u016fm\u011br dezertn\u00edho tal\u00ed\u0159e: 19 cm<\/p>\n","protected":false},"excerpt":{"rendered":"<p>J\u00eddeln\u00ed sada od n\u011bmeck\u00e9 porcel\u00e1nky Thomas spadaj\u00edc\u00ed do skupiny Rosenthal. Jak u\u017e u t\u00e9to zna\u010dky b\u00fdv\u00e1 porcel\u00e1n p\u016fsob\u00ed modern\u00edm a<\/p>\n","protected":false},"featured_media":17949,"template":"","meta":[],"product_brand":[153],"product_cat":[76,111],"product_tag":[],"class_list":{"0":"post-18420","1":"product","2":"type-product","3":"status-publish","4":"has-post-thumbnail","6":"product_brand-eterle-cz","7":"product_cat-porcelan","8":"product_cat-porcelanove-sady","10":"first","11":"instock","12":"purchasable","13":"product-type-simple"},"_links":{"self":[{"href":"https:\/\/eterle.cz\/eshop\/wp-json\/wp\/v2\/product\/18420","targetHints":{"allow":["GET"]}}],"collection":[{"href":"https:\/\/eterle.cz\/eshop\/wp-json\/wp\/v2\/product"}],"about":[{"href":"https:\/\/eterle.cz\/eshop\/wp-json\/wp\/v2\/types\/product"}],"version-history":[{"count":1,"href":"https:\/\/eterle.cz\/eshop\/wp-json\/wp\/v2\/product\/18420\/revisions"}],"predecessor-version":[{"id":26402,"href":"https:\/\/eterle.cz\/eshop\/wp-json\/wp\/v2\/product\/18420\/revisions\/26402"}],"wp:featuredmedia":[{"embeddable":true,"href":"https:\/\/eterle.cz\/eshop\/wp-json\/wp\/v2\/media\/17949"}],"wp:attachment":[{"href":"https:\/\/eterle.cz\/eshop\/wp-json\/wp\/v2\/media?parent=18420"}],"wp:term":[{"taxonomy":"product_brand","embeddable":true,"href":"https:\/\/eterle.cz\/eshop\/wp-json\/wp\/v2\/product_brand?post=18420"},{"taxonomy":"product_cat","embeddable":true,"href":"https:\/\/eterle.cz\/eshop\/wp-json\/wp\/v2\/product_cat?post=18420"},{"taxonomy":"product_tag","embeddable":true,"href":"https:\/\/eterle.cz\/eshop\/wp-json\/wp\/v2\/product_tag?post=18420"}],"curies":[{"name":"wp","href":"https:\/\/api.w.org\/{rel}","templated":true}]}}