{"id":18421,"date":"2024-02-08T19:16:05","date_gmt":"2024-02-08T18:16:05","guid":{"rendered":"https:\/\/eterle.cz\/eshop\/produkt\/misa-na-noze-leander\/"},"modified":"2025-02-16T02:49:04","modified_gmt":"2025-02-16T01:49:04","slug":"misa-na-noze-leander","status":"publish","type":"product","link":"https:\/\/eterle.cz\/eshop\/produkt\/misa-na-noze-leander\/","title":{"rendered":"M\u00edsa na noze \/ Leander"},"content":{"rendered":"<p>M\u00edsa na noze m\u00e1 velmi n\u00e1padn\u00fd vzor v kobaltov\u011b modr\u00e9 barv\u011b, ke kter\u00e9 se bude kr\u00e1sn\u011b hodit jak\u00e9koliv ovoce a\u0165 u\u017e \u017elut\u00fd citron, zelen\u00e9 v\u00edno nebo \u010derven\u00e1 jablka.<\/p>\n<p>Stav: nov\u00e1<br \/>\nZna\u010dka: Leander<br \/>\nRozm\u011br<br \/>\nV\u00fd\u0161ka: 15 cm<br \/>\nPr\u016fm\u011br: 23 cm<\/p>\n","protected":false},"excerpt":{"rendered":"<p>M\u00edsa na noze m\u00e1 velmi n\u00e1padn\u00fd vzor v kobaltov\u011b modr\u00e9 barv\u011b, ke kter\u00e9 se bude kr\u00e1sn\u011b hodit jak\u00e9koliv ovoce a\u0165<\/p>\n","protected":false},"featured_media":17960,"template":"","meta":[],"product_brand":[153],"product_cat":[91],"product_tag":[],"class_list":{"0":"post-18421","1":"product","2":"type-product","3":"status-publish","4":"has-post-thumbnail","6":"product_brand-eterle-cz","7":"product_cat-prodane","9":"first","10":"outofstock","11":"purchasable","12":"product-type-simple"},"_links":{"self":[{"href":"https:\/\/eterle.cz\/eshop\/wp-json\/wp\/v2\/product\/18421","targetHints":{"allow":["GET"]}}],"collection":[{"href":"https:\/\/eterle.cz\/eshop\/wp-json\/wp\/v2\/product"}],"about":[{"href":"https:\/\/eterle.cz\/eshop\/wp-json\/wp\/v2\/types\/product"}],"version-history":[{"count":0,"href":"https:\/\/eterle.cz\/eshop\/wp-json\/wp\/v2\/product\/18421\/revisions"}],"wp:featuredmedia":[{"embeddable":true,"href":"https:\/\/eterle.cz\/eshop\/wp-json\/wp\/v2\/media\/17960"}],"wp:attachment":[{"href":"https:\/\/eterle.cz\/eshop\/wp-json\/wp\/v2\/media?parent=18421"}],"wp:term":[{"taxonomy":"product_brand","embeddable":true,"href":"https:\/\/eterle.cz\/eshop\/wp-json\/wp\/v2\/product_brand?post=18421"},{"taxonomy":"product_cat","embeddable":true,"href":"https:\/\/eterle.cz\/eshop\/wp-json\/wp\/v2\/product_cat?post=18421"},{"taxonomy":"product_tag","embeddable":true,"href":"https:\/\/eterle.cz\/eshop\/wp-json\/wp\/v2\/product_tag?post=18421"}],"curies":[{"name":"wp","href":"https:\/\/api.w.org\/{rel}","templated":true}]}}