{"id":18422,"date":"2024-02-08T19:16:11","date_gmt":"2024-02-08T18:16:11","guid":{"rendered":"https:\/\/eterle.cz\/eshop\/produkt\/polevkova-misa-3\/"},"modified":"2025-02-16T02:49:03","modified_gmt":"2025-02-16T01:49:03","slug":"polevkova-misa-3","status":"publish","type":"product","link":"https:\/\/eterle.cz\/eshop\/produkt\/polevkova-misa-3\/","title":{"rendered":"Pol\u00e9vkov\u00e1 m\u00edsa"},"content":{"rendered":"<p>Kr\u00e1sn\u00e1 pol\u00e9vkov\u00e1 m\u00edsa z Francie s abstraktn\u00edm vzorem v blankytn\u011b moder\u00e9 barv\u011b v kombinaci se slonovou kost\u00ed. M\u00edsa m\u00e1 zajimav\u011b \u0159e\u0161en\u00e1 ucha a \u00fachyt na v\u00fd\u010dku ve tvaru gran\u00e1tov\u00e9ho jablka. Za zm\u00ednku stoj\u00ed i probarven\u00ed m\u00edsy uvnit\u0159 p\u0159ipom\u00ednaj\u00edc\u00ed provedeni zna\u010dky Wedgwood, ale zna\u010dku se n\u00e1m nepoda\u0159ilo dohledat.<\/p>\n<p>Stav: dobr\u00fd, pouze mal\u00fd o\u0165uk uvnit\u0159 na lemu pokli\u010dky<br \/>\nRozm\u011br<br \/>\nObjem: 1,5 l<\/p>\n","protected":false},"excerpt":{"rendered":"<p>Kr\u00e1sn\u00e1 pol\u00e9vkov\u00e1 m\u00edsa z Francie s abstraktn\u00edm vzorem v blankytn\u011b moder\u00e9 barv\u011b v kombinaci se slonovou kost\u00ed. M\u00edsa m\u00e1 zajimav\u011b<\/p>\n","protected":false},"featured_media":17967,"template":"","meta":[],"product_brand":[153],"product_cat":[91],"product_tag":[],"class_list":{"0":"post-18422","1":"product","2":"type-product","3":"status-publish","4":"has-post-thumbnail","6":"product_brand-eterle-cz","7":"product_cat-prodane","9":"first","10":"outofstock","11":"purchasable","12":"product-type-simple"},"_links":{"self":[{"href":"https:\/\/eterle.cz\/eshop\/wp-json\/wp\/v2\/product\/18422","targetHints":{"allow":["GET"]}}],"collection":[{"href":"https:\/\/eterle.cz\/eshop\/wp-json\/wp\/v2\/product"}],"about":[{"href":"https:\/\/eterle.cz\/eshop\/wp-json\/wp\/v2\/types\/product"}],"version-history":[{"count":0,"href":"https:\/\/eterle.cz\/eshop\/wp-json\/wp\/v2\/product\/18422\/revisions"}],"wp:featuredmedia":[{"embeddable":true,"href":"https:\/\/eterle.cz\/eshop\/wp-json\/wp\/v2\/media\/17967"}],"wp:attachment":[{"href":"https:\/\/eterle.cz\/eshop\/wp-json\/wp\/v2\/media?parent=18422"}],"wp:term":[{"taxonomy":"product_brand","embeddable":true,"href":"https:\/\/eterle.cz\/eshop\/wp-json\/wp\/v2\/product_brand?post=18422"},{"taxonomy":"product_cat","embeddable":true,"href":"https:\/\/eterle.cz\/eshop\/wp-json\/wp\/v2\/product_cat?post=18422"},{"taxonomy":"product_tag","embeddable":true,"href":"https:\/\/eterle.cz\/eshop\/wp-json\/wp\/v2\/product_tag?post=18422"}],"curies":[{"name":"wp","href":"https:\/\/api.w.org\/{rel}","templated":true}]}}