{"id":18423,"date":"2024-02-08T19:16:17","date_gmt":"2024-02-08T18:16:17","guid":{"rendered":"https:\/\/eterle.cz\/eshop\/produkt\/sada-hrnecku-na-caj-dubi\/"},"modified":"2025-02-16T02:49:03","modified_gmt":"2025-02-16T01:49:03","slug":"sada-hrnecku-na-caj-dubi","status":"publish","type":"product","link":"https:\/\/eterle.cz\/eshop\/produkt\/sada-hrnecku-na-caj-dubi\/","title":{"rendered":"Sada hrne\u010dk\u016f na \u010daj \/ Dub\u00ed"},"content":{"rendered":"<p>Sada buclat\u00fdch hrne\u010dk\u016f na \u010daj \u010di kakao od zna\u010dky Dub\u00ed. Zna\u010dka tohoto typu se pou\u017e\u00edvala do roku 1945. Hrne\u010dky maj\u00ed perle\u0165ov\u00e9 ucho a centimetrov\u00fd prou\u017eek na okraji, kter\u00fd je lemov\u00e1n je\u0161t\u011b dv\u011bmi zlat\u00fdmi prou\u017eky.<\/p>\n<p>Stav: dobr\u00fd<br \/>\nZna\u010dka: Dub\u00ed<br \/>\nRozm\u011br<br \/>\nObjem: 300 ml<\/p>\n","protected":false},"excerpt":{"rendered":"<p>Sada buclat\u00fdch hrne\u010dk\u016f na \u010daj \u010di kakao od zna\u010dky Dub\u00ed. Zna\u010dka tohoto typu se pou\u017e\u00edvala do roku 1945. Hrne\u010dky maj\u00ed<\/p>\n","protected":false},"featured_media":17976,"template":"","meta":[],"product_brand":[153],"product_cat":[91],"product_tag":[],"class_list":{"0":"post-18423","1":"product","2":"type-product","3":"status-publish","4":"has-post-thumbnail","6":"product_brand-eterle-cz","7":"product_cat-prodane","9":"first","10":"outofstock","11":"purchasable","12":"product-type-simple"},"_links":{"self":[{"href":"https:\/\/eterle.cz\/eshop\/wp-json\/wp\/v2\/product\/18423","targetHints":{"allow":["GET"]}}],"collection":[{"href":"https:\/\/eterle.cz\/eshop\/wp-json\/wp\/v2\/product"}],"about":[{"href":"https:\/\/eterle.cz\/eshop\/wp-json\/wp\/v2\/types\/product"}],"version-history":[{"count":0,"href":"https:\/\/eterle.cz\/eshop\/wp-json\/wp\/v2\/product\/18423\/revisions"}],"wp:featuredmedia":[{"embeddable":true,"href":"https:\/\/eterle.cz\/eshop\/wp-json\/wp\/v2\/media\/17976"}],"wp:attachment":[{"href":"https:\/\/eterle.cz\/eshop\/wp-json\/wp\/v2\/media?parent=18423"}],"wp:term":[{"taxonomy":"product_brand","embeddable":true,"href":"https:\/\/eterle.cz\/eshop\/wp-json\/wp\/v2\/product_brand?post=18423"},{"taxonomy":"product_cat","embeddable":true,"href":"https:\/\/eterle.cz\/eshop\/wp-json\/wp\/v2\/product_cat?post=18423"},{"taxonomy":"product_tag","embeddable":true,"href":"https:\/\/eterle.cz\/eshop\/wp-json\/wp\/v2\/product_tag?post=18423"}],"curies":[{"name":"wp","href":"https:\/\/api.w.org\/{rel}","templated":true}]}}