{"id":18424,"date":"2024-02-08T19:16:30","date_gmt":"2024-02-08T18:16:30","guid":{"rendered":"https:\/\/eterle.cz\/eshop\/produkt\/hrnek-na-caj-thomas\/"},"modified":"2026-03-16T18:47:07","modified_gmt":"2026-03-16T17:47:07","slug":"hrnek-na-caj-thomas","status":"publish","type":"product","link":"https:\/\/eterle.cz\/eshop\/produkt\/hrnek-na-caj-thomas\/","title":{"rendered":"Hrnek na \u010daj \/Thomas"},"content":{"rendered":"<p>Hrnek na \u010daj \u010di k\u00e1vu s ml\u00e9kem od n\u011bmeck\u00e9 porcel\u00e1nky Thomas, kter\u00e1 spad\u00e1 pod zan\u010dku Rosenthal. Hrne\u010dek m\u00e1 ten\u010d\u00ed st\u0159ep s jemn\u00fdm modr\u00fdm dekorem a je tvarovan\u00fd do 12 plo\u0161ek, \u010d\u00edm\u017e p\u016fsob\u00ed jako plisovan\u00fd.<\/p>\n<p>Stav: dobr\u00fd<br \/>\nZna\u010dka: Thomas<br \/>\nRozm\u011br<br \/>\nObjem: 180 ml<\/p>\n","protected":false},"excerpt":{"rendered":"<p>Hrnek na \u010daj \u010di k\u00e1vu s ml\u00e9kem od n\u011bmeck\u00e9 porcel\u00e1nky Thomas, kter\u00e1 spad\u00e1 pod zan\u010dku Rosenthal. Hrne\u010dek m\u00e1 ten\u010d\u00ed st\u0159ep<\/p>\n","protected":false},"featured_media":17982,"template":"","meta":[],"product_brand":[153],"product_cat":[76,120],"product_tag":[],"class_list":{"0":"post-18424","1":"product","2":"type-product","3":"status-publish","4":"has-post-thumbnail","6":"product_brand-eterle-cz","7":"product_cat-porcelan","8":"product_cat-hrnecky","10":"first","11":"instock","12":"purchasable","13":"product-type-simple"},"_links":{"self":[{"href":"https:\/\/eterle.cz\/eshop\/wp-json\/wp\/v2\/product\/18424","targetHints":{"allow":["GET"]}}],"collection":[{"href":"https:\/\/eterle.cz\/eshop\/wp-json\/wp\/v2\/product"}],"about":[{"href":"https:\/\/eterle.cz\/eshop\/wp-json\/wp\/v2\/types\/product"}],"version-history":[{"count":1,"href":"https:\/\/eterle.cz\/eshop\/wp-json\/wp\/v2\/product\/18424\/revisions"}],"predecessor-version":[{"id":26401,"href":"https:\/\/eterle.cz\/eshop\/wp-json\/wp\/v2\/product\/18424\/revisions\/26401"}],"wp:featuredmedia":[{"embeddable":true,"href":"https:\/\/eterle.cz\/eshop\/wp-json\/wp\/v2\/media\/17982"}],"wp:attachment":[{"href":"https:\/\/eterle.cz\/eshop\/wp-json\/wp\/v2\/media?parent=18424"}],"wp:term":[{"taxonomy":"product_brand","embeddable":true,"href":"https:\/\/eterle.cz\/eshop\/wp-json\/wp\/v2\/product_brand?post=18424"},{"taxonomy":"product_cat","embeddable":true,"href":"https:\/\/eterle.cz\/eshop\/wp-json\/wp\/v2\/product_cat?post=18424"},{"taxonomy":"product_tag","embeddable":true,"href":"https:\/\/eterle.cz\/eshop\/wp-json\/wp\/v2\/product_tag?post=18424"}],"curies":[{"name":"wp","href":"https:\/\/api.w.org\/{rel}","templated":true}]}}