{"id":18425,"date":"2024-02-08T19:16:37","date_gmt":"2024-02-08T18:16:37","guid":{"rendered":"https:\/\/eterle.cz\/eshop\/produkt\/snidanova-sada-seltmann\/"},"modified":"2025-12-18T09:33:11","modified_gmt":"2025-12-18T08:33:11","slug":"snidanova-sada-seltmann","status":"publish","type":"product","link":"https:\/\/eterle.cz\/eshop\/produkt\/snidanova-sada-seltmann\/","title":{"rendered":"\u0160n\u00edda\u0148ov\u00e1 sada \/ Seltmann"},"content":{"rendered":"<p>Sn\u00edda\u0148ov\u00e1 romantick\u00e1 sada z porcel\u00e1nky Seltmann, kter\u00e1 je zdobena nejen barevn\u00fdm dekorem kv\u011btin, ale hrnek i pod\u0161\u00e1lek jsou v cel\u00e9 plo\u0161e jemn\u011b plasticky vroubkovan\u00e9. Klasick\u00fd hrnek na \u010daj o p\u00e1t\u00e9 ze v\u0161ech romantick\u00fdch film\u016f i detektivek s Agh\u00e1tou Christie.<\/p>\n<p>Stav: dobr\u00fd<br \/>\nZna\u010dka: Seltmann<br \/>\nRozm\u011br<br \/>\nObjem: 130 ml<br \/>\nPr\u016fm\u011br pod\u0161\u00e1lku: 15 cm<br \/>\nPr\u016fm\u011br dezertn\u00edho tal\u00ed\u0159ku: 20 cm<\/p>\n","protected":false},"excerpt":{"rendered":"<p>Sn\u00edda\u0148ov\u00e1 romantick\u00e1 sada z porcel\u00e1nky Seltmann, kter\u00e1 je zdobena nejen barevn\u00fdm dekorem kv\u011btin, ale hrnek i pod\u0161\u00e1lek jsou v cel\u00e9<\/p>\n","protected":false},"featured_media":17987,"template":"","meta":[],"product_brand":[153],"product_cat":[76,120],"product_tag":[],"class_list":{"0":"post-18425","1":"product","2":"type-product","3":"status-publish","4":"has-post-thumbnail","6":"product_brand-eterle-cz","7":"product_cat-porcelan","8":"product_cat-hrnecky","10":"first","11":"instock","12":"purchasable","13":"product-type-simple"},"_links":{"self":[{"href":"https:\/\/eterle.cz\/eshop\/wp-json\/wp\/v2\/product\/18425","targetHints":{"allow":["GET"]}}],"collection":[{"href":"https:\/\/eterle.cz\/eshop\/wp-json\/wp\/v2\/product"}],"about":[{"href":"https:\/\/eterle.cz\/eshop\/wp-json\/wp\/v2\/types\/product"}],"version-history":[{"count":1,"href":"https:\/\/eterle.cz\/eshop\/wp-json\/wp\/v2\/product\/18425\/revisions"}],"predecessor-version":[{"id":26400,"href":"https:\/\/eterle.cz\/eshop\/wp-json\/wp\/v2\/product\/18425\/revisions\/26400"}],"wp:featuredmedia":[{"embeddable":true,"href":"https:\/\/eterle.cz\/eshop\/wp-json\/wp\/v2\/media\/17987"}],"wp:attachment":[{"href":"https:\/\/eterle.cz\/eshop\/wp-json\/wp\/v2\/media?parent=18425"}],"wp:term":[{"taxonomy":"product_brand","embeddable":true,"href":"https:\/\/eterle.cz\/eshop\/wp-json\/wp\/v2\/product_brand?post=18425"},{"taxonomy":"product_cat","embeddable":true,"href":"https:\/\/eterle.cz\/eshop\/wp-json\/wp\/v2\/product_cat?post=18425"},{"taxonomy":"product_tag","embeddable":true,"href":"https:\/\/eterle.cz\/eshop\/wp-json\/wp\/v2\/product_tag?post=18425"}],"curies":[{"name":"wp","href":"https:\/\/api.w.org\/{rel}","templated":true}]}}