{"id":18426,"date":"2024-02-08T19:16:42","date_gmt":"2024-02-08T18:16:42","guid":{"rendered":"https:\/\/eterle.cz\/eshop\/produkt\/sada-dezertnich-talirku-jacquies-molin\/"},"modified":"2025-02-16T02:49:02","modified_gmt":"2025-02-16T01:49:02","slug":"sada-dezertnich-talirku-jacquies-molin","status":"publish","type":"product","link":"https:\/\/eterle.cz\/eshop\/produkt\/sada-dezertnich-talirku-jacquies-molin\/","title":{"rendered":"Sada dezertn\u00edch tal\u00ed\u0159k\u016f \/ Jacquies Molin"},"content":{"rendered":"<p>Sada dezertn\u00edch porcel\u00e1nov\u00fdch tal\u00ed\u0159\u016f siln\u011bj\u0161\u00edho st\u0159epu od design\u00e9rky Jacques Molin. \u017dlut\u00e1 barva p\u016fsob\u00ed velmi optimistick\u00fdm dojmem a to i p\u0159es sv\u016fj kubistick\u00fd tvar. Tal\u00ed\u0159 je trochu hlub\u0161\u00ed ne\u017e klasick\u00e9 dezertn\u00ed tal\u00ed\u0159e a tak je vhodn\u00fd i na dezert p\u0159elit\u00fd om\u00e1\u010dkou. Kr\u00e1sn\u011b se budou kombinovat i s \u010dist\u011b b\u00edl\u00fdmi nebo tmav\u011bmodr\u00fdmi tal\u00ed\u0159i. Tmav\u011b modr\u00e9 ve stejn\u00e9m tvaru m\u00e1me tak\u00e9 k dipozici.<\/p>\n<p>Stav: velmi dobr\u00fd, nepou\u017e\u00edvan\u00e9<br \/>\nZna\u010dka: Jacquies Molin, Francie<br \/>\nRozm\u011br<br \/>\nPr\u016fm\u011br tal\u00ed\u0159ku: 22 cm<\/p>\n","protected":false},"excerpt":{"rendered":"<p>Sada dezertn\u00edch porcel\u00e1nov\u00fdch tal\u00ed\u0159\u016f siln\u011bj\u0161\u00edho st\u0159epu od design\u00e9rky Jacques Molin. \u017dlut\u00e1 barva p\u016fsob\u00ed velmi optimistick\u00fdm dojmem a to i p\u0159es<\/p>\n","protected":false},"featured_media":17995,"template":"","meta":[],"product_brand":[153],"product_cat":[91],"product_tag":[],"class_list":{"0":"post-18426","1":"product","2":"type-product","3":"status-publish","4":"has-post-thumbnail","6":"product_brand-eterle-cz","7":"product_cat-prodane","9":"first","10":"outofstock","11":"purchasable","12":"product-type-simple"},"_links":{"self":[{"href":"https:\/\/eterle.cz\/eshop\/wp-json\/wp\/v2\/product\/18426","targetHints":{"allow":["GET"]}}],"collection":[{"href":"https:\/\/eterle.cz\/eshop\/wp-json\/wp\/v2\/product"}],"about":[{"href":"https:\/\/eterle.cz\/eshop\/wp-json\/wp\/v2\/types\/product"}],"version-history":[{"count":0,"href":"https:\/\/eterle.cz\/eshop\/wp-json\/wp\/v2\/product\/18426\/revisions"}],"wp:featuredmedia":[{"embeddable":true,"href":"https:\/\/eterle.cz\/eshop\/wp-json\/wp\/v2\/media\/17995"}],"wp:attachment":[{"href":"https:\/\/eterle.cz\/eshop\/wp-json\/wp\/v2\/media?parent=18426"}],"wp:term":[{"taxonomy":"product_brand","embeddable":true,"href":"https:\/\/eterle.cz\/eshop\/wp-json\/wp\/v2\/product_brand?post=18426"},{"taxonomy":"product_cat","embeddable":true,"href":"https:\/\/eterle.cz\/eshop\/wp-json\/wp\/v2\/product_cat?post=18426"},{"taxonomy":"product_tag","embeddable":true,"href":"https:\/\/eterle.cz\/eshop\/wp-json\/wp\/v2\/product_tag?post=18426"}],"curies":[{"name":"wp","href":"https:\/\/api.w.org\/{rel}","templated":true}]}}