{"id":18427,"date":"2024-02-08T19:16:47","date_gmt":"2024-02-08T18:16:47","guid":{"rendered":"https:\/\/eterle.cz\/eshop\/produkt\/sada-taliru-pro-4-limoges\/"},"modified":"2025-06-26T14:18:15","modified_gmt":"2025-06-26T12:18:15","slug":"sada-taliru-pro-4-limoges","status":"publish","type":"product","link":"https:\/\/eterle.cz\/eshop\/produkt\/sada-taliru-pro-4-limoges\/","title":{"rendered":"Sada tal\u00ed\u0159\u016f pro 4 \/ Limoges"},"content":{"rendered":"<p>Sada velmi barevn\u00fdch tal\u00ed\u0159\u016f bohat\u011b zdoben\u00fdch ovocem od fr. zna\u010dky Limoges. Okolo roku1830 nahradilo Limoges m\u011bsto Pa\u0159\u00ed\u017e jako hlavn\u00ed centrum soukrom\u00fdch porcel\u00e1nek. Tuto pozici si Limoges udr\u017eelo a\u017e do sou\u010dasnosti. V roce 2008 byl porcel\u00e1n Limoges za\u0159azen do Invent\u00e1\u0159e nehmotn\u00e9ho kulturn\u00edho d\u011bdictv\u00ed ve Francii<\/p>\n<p>Stav: velmi dobr\u00fd, pouze jeden tal\u00ed\u0159 ma zespoda na okraji milimetrov\u00fd o\u0165uk<br \/>\nZna\u010dka: Limoges, Paris<br \/>\nRozm\u011br<br \/>\nPr\u016fm\u011br tal\u00ed\u0159e: 22,5 cm<br \/>\nPr\u016fm\u011br tal\u00ed\u0159e: 25,5 cm<\/p>\n","protected":false},"excerpt":{"rendered":"<p>Sada velmi barevn\u00fdch tal\u00ed\u0159\u016f bohat\u011b zdoben\u00fdch ovocem od fr. zna\u010dky Limoges. Okolo roku1830 nahradilo Limoges m\u011bsto Pa\u0159\u00ed\u017e jako hlavn\u00ed centrum<\/p>\n","protected":false},"featured_media":18000,"template":"","meta":[],"product_brand":[153],"product_cat":[91],"product_tag":[],"class_list":{"0":"post-18427","1":"product","2":"type-product","3":"status-publish","4":"has-post-thumbnail","6":"product_brand-eterle-cz","7":"product_cat-prodane","9":"first","10":"outofstock","11":"purchasable","12":"product-type-simple"},"_links":{"self":[{"href":"https:\/\/eterle.cz\/eshop\/wp-json\/wp\/v2\/product\/18427","targetHints":{"allow":["GET"]}}],"collection":[{"href":"https:\/\/eterle.cz\/eshop\/wp-json\/wp\/v2\/product"}],"about":[{"href":"https:\/\/eterle.cz\/eshop\/wp-json\/wp\/v2\/types\/product"}],"version-history":[{"count":1,"href":"https:\/\/eterle.cz\/eshop\/wp-json\/wp\/v2\/product\/18427\/revisions"}],"predecessor-version":[{"id":26627,"href":"https:\/\/eterle.cz\/eshop\/wp-json\/wp\/v2\/product\/18427\/revisions\/26627"}],"wp:featuredmedia":[{"embeddable":true,"href":"https:\/\/eterle.cz\/eshop\/wp-json\/wp\/v2\/media\/18000"}],"wp:attachment":[{"href":"https:\/\/eterle.cz\/eshop\/wp-json\/wp\/v2\/media?parent=18427"}],"wp:term":[{"taxonomy":"product_brand","embeddable":true,"href":"https:\/\/eterle.cz\/eshop\/wp-json\/wp\/v2\/product_brand?post=18427"},{"taxonomy":"product_cat","embeddable":true,"href":"https:\/\/eterle.cz\/eshop\/wp-json\/wp\/v2\/product_cat?post=18427"},{"taxonomy":"product_tag","embeddable":true,"href":"https:\/\/eterle.cz\/eshop\/wp-json\/wp\/v2\/product_tag?post=18427"}],"curies":[{"name":"wp","href":"https:\/\/api.w.org\/{rel}","templated":true}]}}